{"id":1825,"date":"2026-02-17T14:14:36","date_gmt":"2026-02-17T14:14:36","guid":{"rendered":"https:\/\/miguelcarpintero.com\/industrial\/"},"modified":"2026-04-27T10:13:35","modified_gmt":"2026-04-27T10:13:35","slug":"industrial","status":"publish","type":"page","link":"https:\/\/miguelcarpintero.com\/es\/areas-de-negocio\/industrial\/","title":{"rendered":"Industrial"},"content":{"rendered":"\t\t<div data-elementor-type=\"wp-page\" data-elementor-id=\"1825\" class=\"elementor elementor-1825 elementor-21\">\n\t\t\t\t<div class=\"elementor-element elementor-element-f22b1a8 e-con-full e-flex e-con e-parent\" data-id=\"f22b1a8\" data-element_type=\"container\" data-e-type=\"container\">\n\t\t<div class=\"elementor-element elementor-element-8fbd25c e-con-full e-flex e-con e-child\" data-id=\"8fbd25c\" data-element_type=\"container\" data-e-type=\"container\" data-settings=\"{&quot;background_background&quot;:&quot;classic&quot;}\">\n\t\t\t\t<\/div>\n\t\t<div class=\"elementor-element elementor-element-311dec1 e-con-full e-flex e-con e-child\" data-id=\"311dec1\" data-element_type=\"container\" data-e-type=\"container\" data-settings=\"{&quot;background_background&quot;:&quot;classic&quot;}\">\n\t\t\t\t<div class=\"elementor-element elementor-element-3ed1dec elementor-widget elementor-widget-heading\" data-id=\"3ed1dec\" data-element_type=\"widget\" data-e-type=\"widget\" data-widget_type=\"heading.default\">\n\t\t\t\t\t<h1 class=\"elementor-heading-title elementor-size-default\">Industrial<\/h1>\t\t\t\t<\/div>\n\t\t\t\t<div class=\"elementor-element elementor-element-6b40424 elementor-widget-divider--view-line elementor-widget elementor-widget-divider\" data-id=\"6b40424\" data-element_type=\"widget\" data-e-type=\"widget\" data-widget_type=\"divider.default\">\n\t\t\t\t\t\t\t<div class=\"elementor-divider\">\n\t\t\t<span class=\"elementor-divider-separator\">\n\t\t\t\t\t\t<\/span>\n\t\t<\/div>\n\t\t\t\t\t\t<\/div>\n\t\t\t\t<div class=\"elementor-element elementor-element-b001ad0 elementor-widget elementor-widget-heading\" data-id=\"b001ad0\" data-element_type=\"widget\" data-e-type=\"widget\" data-widget_type=\"heading.default\">\n\t\t\t\t\t<h2 class=\"elementor-heading-title elementor-size-default\">FORMALIDAD Y EFICACIA<\/h2>\t\t\t\t<\/div>\n\t\t\t\t<div class=\"elementor-element elementor-element-2ed216e elementor-widget elementor-widget-text-editor\" data-id=\"2ed216e\" data-element_type=\"widget\" data-e-type=\"widget\" data-widget_type=\"text-editor.default\">\n\t\t\t\t\t\t\t\t\t<p>El sector industrial tiene unas necesidades prioritarias; por ello, agilizamos y garantizamos el <span style=\"color: #ebebf0;\">estricto cumplimiento de los plazos de ejecuci\u00f3n<\/span> mediante la coordinaci\u00f3n de todos los procesos y agentes que intervienen en el proyecto, para ofrecer la m\u00e1xima calidad en su ejecuci\u00f3n.<\/p><p> <\/p><p>Realizamos todo tipo de proyectos: reformas de ba\u00f1os, cocinas, viviendas y locales comerciales, reformas a la industria y la <span style=\"color: #ebebf0;\">adecuaci\u00f3n y modernizaci\u00f3n de cualquier espacio<\/span>, cumpliendo con las exigencias y necesidades del cliente.<\/p><p> <\/p><p>Ofrecemos un servicio de <span style=\"color: #ebebf0;\">soluciones integrales<\/span> que garantizan la conservaci\u00f3n de sus inmuebles o instalaciones industriales de manera <span style=\"color: #ebebf0;\">eficaz y duradera<\/span>.<\/p><p> <\/p><p>Los avances producidos en los \u00faltimos a\u00f1os en el sector de la construcci\u00f3n en cuanto a materiales, t\u00e9cnicas de aplicaci\u00f3n y formaci\u00f3n de profesionales, <span style=\"color: #ebebf0;\">fundamentan nuestro sistema de trabajo<\/span>.<\/p>\t\t\t\t\t\t\t\t<\/div>\n\t\t\t\t<\/div>\n\t\t\t\t<\/div>\n\t\t\t\t<\/div>\n\t\t","protected":false},"excerpt":{"rendered":"<p>Industrial FORMALIDAD Y EFICACIA El sector industrial tiene unas necesidades prioritarias; por ello, agilizamos y garantizamos el estricto cumplimiento de los plazos de ejecuci\u00f3n mediante la coordinaci\u00f3n de todos los procesos y agentes que intervienen en el proyecto, para ofrecer la m\u00e1xima calidad en su ejecuci\u00f3n. Realizamos todo tipo de proyectos: reformas de ba\u00f1os, cocinas, [&hellip;]<\/p>\n","protected":false},"author":1,"featured_media":0,"parent":2262,"menu_order":0,"comment_status":"closed","ping_status":"closed","template":"","meta":{"_joinchat":[],"footnotes":""},"class_list":["post-1825","page","type-page","status-publish","hentry"],"_links":{"self":[{"href":"https:\/\/miguelcarpintero.com\/es\/wp-json\/wp\/v2\/pages\/1825","targetHints":{"allow":["GET"]}}],"collection":[{"href":"https:\/\/miguelcarpintero.com\/es\/wp-json\/wp\/v2\/pages"}],"about":[{"href":"https:\/\/miguelcarpintero.com\/es\/wp-json\/wp\/v2\/types\/page"}],"author":[{"embeddable":true,"href":"https:\/\/miguelcarpintero.com\/es\/wp-json\/wp\/v2\/users\/1"}],"replies":[{"embeddable":true,"href":"https:\/\/miguelcarpintero.com\/es\/wp-json\/wp\/v2\/comments?post=1825"}],"version-history":[{"count":1,"href":"https:\/\/miguelcarpintero.com\/es\/wp-json\/wp\/v2\/pages\/1825\/revisions"}],"predecessor-version":[{"id":1828,"href":"https:\/\/miguelcarpintero.com\/es\/wp-json\/wp\/v2\/pages\/1825\/revisions\/1828"}],"up":[{"embeddable":true,"href":"https:\/\/miguelcarpintero.com\/es\/wp-json\/wp\/v2\/pages\/2262"}],"wp:attachment":[{"href":"https:\/\/miguelcarpintero.com\/es\/wp-json\/wp\/v2\/media?parent=1825"}],"curies":[{"name":"wp","href":"https:\/\/api.w.org\/{rel}","templated":true}]}}