{"id":1857,"date":"2026-02-17T14:14:43","date_gmt":"2026-02-17T14:14:43","guid":{"rendered":"https:\/\/miguelcarpintero.com\/lacados\/"},"modified":"2026-04-27T10:15:12","modified_gmt":"2026-04-27T10:15:12","slug":"lacados","status":"publish","type":"page","link":"https:\/\/miguelcarpintero.com\/es\/areas-de-negocio\/lacados\/","title":{"rendered":"Lacados"},"content":{"rendered":"\t\t<div data-elementor-type=\"wp-page\" data-elementor-id=\"1857\" class=\"elementor elementor-1857 elementor-23\">\n\t\t\t\t<div class=\"elementor-element elementor-element-0fc6b94 e-con-full e-flex e-con e-parent\" data-id=\"0fc6b94\" data-element_type=\"container\" data-e-type=\"container\">\n\t\t<div class=\"elementor-element elementor-element-379438a e-con-full e-flex e-con e-child\" data-id=\"379438a\" data-element_type=\"container\" data-e-type=\"container\" data-settings=\"{&quot;background_background&quot;:&quot;classic&quot;}\">\n\t\t\t\t<\/div>\n\t\t<div class=\"elementor-element elementor-element-8507442 e-con-full e-flex e-con e-child\" data-id=\"8507442\" data-element_type=\"container\" data-e-type=\"container\" data-settings=\"{&quot;background_background&quot;:&quot;classic&quot;}\">\n\t\t\t\t<div class=\"elementor-element elementor-element-05e4a08 elementor-widget elementor-widget-heading\" data-id=\"05e4a08\" data-element_type=\"widget\" data-e-type=\"widget\" data-widget_type=\"heading.default\">\n\t\t\t\t\t<h1 class=\"elementor-heading-title elementor-size-default\">Lacados<\/h1>\t\t\t\t<\/div>\n\t\t\t\t<div class=\"elementor-element elementor-element-80287ff elementor-widget-divider--view-line elementor-widget elementor-widget-divider\" data-id=\"80287ff\" data-element_type=\"widget\" data-e-type=\"widget\" data-widget_type=\"divider.default\">\n\t\t\t\t\t\t\t<div class=\"elementor-divider\">\n\t\t\t<span class=\"elementor-divider-separator\">\n\t\t\t\t\t\t<\/span>\n\t\t<\/div>\n\t\t\t\t\t\t<\/div>\n\t\t\t\t<div class=\"elementor-element elementor-element-4c58c65 elementor-widget elementor-widget-heading\" data-id=\"4c58c65\" data-element_type=\"widget\" data-e-type=\"widget\" data-widget_type=\"heading.default\">\n\t\t\t\t\t<h2 class=\"elementor-heading-title elementor-size-default\">DISE\u00d1O Y COLOR<\/h2>\t\t\t\t<\/div>\n\t\t\t\t<div class=\"elementor-element elementor-element-36e9773 elementor-widget elementor-widget-text-editor\" data-id=\"36e9773\" data-element_type=\"widget\" data-e-type=\"widget\" data-widget_type=\"text-editor.default\">\n\t\t\t\t\t\t\t\t\t<p>El lacado es un acabado indispensable en nuestra decoraci\u00f3n: aporta est\u00e9tica y resistencia. <span style=\"color: #ebebf0;\">Somos expertos profesionales<\/span> en la aplicaci\u00f3n de todo tipo de lacados, tanto de piezas nuevas como viejas. Laquemos <span style=\"color: #ebebf0;\">cualquier tipo de superficie<\/span>: madera, aluminio, PVC y vidrio.<\/p><p> <\/p><p>Nuestros servicios est\u00e1n destinados a todos los sectores: particulares, profesionales y la industria. Disponemos de unas <span style=\"color: #ebebf0;\">instalaciones propias<\/span> (una nave de 845 m\u00b2) dotadas de toda la maquinaria necesaria, incluidas dos cabinas de pintado. Tenemos capacidad para lacar <span style=\"color: #ebebf0;\">piezas de hasta 6,5 m de longitud<\/span> por 3 m de altura y 4 m de anchura.<\/p>\t\t\t\t\t\t\t\t<\/div>\n\t\t\t\t<\/div>\n\t\t\t\t<\/div>\n\t\t\t\t<\/div>\n\t\t","protected":false},"excerpt":{"rendered":"<p>Lacados DISE\u00d1O Y COLOR El lacado es un acabado indispensable en nuestra decoraci\u00f3n: aporta est\u00e9tica y resistencia. Somos expertos profesionales en la aplicaci\u00f3n de todo tipo de lacados, tanto de piezas nuevas como viejas. Laquemos cualquier tipo de superficie: madera, aluminio, PVC y vidrio. Nuestros servicios est\u00e1n destinados a todos los sectores: particulares, profesionales y [&hellip;]<\/p>\n","protected":false},"author":1,"featured_media":0,"parent":2262,"menu_order":0,"comment_status":"closed","ping_status":"closed","template":"","meta":{"_joinchat":[],"footnotes":""},"class_list":["post-1857","page","type-page","status-publish","hentry"],"_links":{"self":[{"href":"https:\/\/miguelcarpintero.com\/es\/wp-json\/wp\/v2\/pages\/1857","targetHints":{"allow":["GET"]}}],"collection":[{"href":"https:\/\/miguelcarpintero.com\/es\/wp-json\/wp\/v2\/pages"}],"about":[{"href":"https:\/\/miguelcarpintero.com\/es\/wp-json\/wp\/v2\/types\/page"}],"author":[{"embeddable":true,"href":"https:\/\/miguelcarpintero.com\/es\/wp-json\/wp\/v2\/users\/1"}],"replies":[{"embeddable":true,"href":"https:\/\/miguelcarpintero.com\/es\/wp-json\/wp\/v2\/comments?post=1857"}],"version-history":[{"count":1,"href":"https:\/\/miguelcarpintero.com\/es\/wp-json\/wp\/v2\/pages\/1857\/revisions"}],"predecessor-version":[{"id":1859,"href":"https:\/\/miguelcarpintero.com\/es\/wp-json\/wp\/v2\/pages\/1857\/revisions\/1859"}],"up":[{"embeddable":true,"href":"https:\/\/miguelcarpintero.com\/es\/wp-json\/wp\/v2\/pages\/2262"}],"wp:attachment":[{"href":"https:\/\/miguelcarpintero.com\/es\/wp-json\/wp\/v2\/media?parent=1857"}],"curies":[{"name":"wp","href":"https:\/\/api.w.org\/{rel}","templated":true}]}}