{"id":1864,"date":"2026-02-17T14:14:24","date_gmt":"2026-02-17T14:14:24","guid":{"rendered":"https:\/\/miguelcarpintero.com\/edificacion\/"},"modified":"2026-04-27T10:12:30","modified_gmt":"2026-04-27T10:12:30","slug":"edificacion","status":"publish","type":"page","link":"https:\/\/miguelcarpintero.com\/es\/areas-de-negocio\/edificacion\/","title":{"rendered":"Edificaci\u00f3n"},"content":{"rendered":"\t\t<div data-elementor-type=\"wp-page\" data-elementor-id=\"1864\" class=\"elementor elementor-1864 elementor-19\">\n\t\t\t\t<div class=\"elementor-element elementor-element-e7688fe e-con-full e-flex e-con e-parent\" data-id=\"e7688fe\" data-element_type=\"container\" data-e-type=\"container\">\n\t\t<div class=\"elementor-element elementor-element-942cc71 e-con-full e-flex e-con e-child\" data-id=\"942cc71\" data-element_type=\"container\" data-e-type=\"container\" data-settings=\"{&quot;background_background&quot;:&quot;classic&quot;}\">\n\t\t\t\t<\/div>\n\t\t<div class=\"elementor-element elementor-element-edf2ca9 e-con-full e-flex e-con e-child\" data-id=\"edf2ca9\" data-element_type=\"container\" data-e-type=\"container\" data-settings=\"{&quot;background_background&quot;:&quot;classic&quot;}\">\n\t\t\t\t<div class=\"elementor-element elementor-element-3458ebe elementor-widget elementor-widget-heading\" data-id=\"3458ebe\" data-element_type=\"widget\" data-e-type=\"widget\" data-widget_type=\"heading.default\">\n\t\t\t\t\t<h1 class=\"elementor-heading-title elementor-size-default\">Edificaci\u00f3n<\/h1>\t\t\t\t<\/div>\n\t\t\t\t<div class=\"elementor-element elementor-element-2b6d4b1 elementor-widget-divider--view-line elementor-widget elementor-widget-divider\" data-id=\"2b6d4b1\" data-element_type=\"widget\" data-e-type=\"widget\" data-widget_type=\"divider.default\">\n\t\t\t\t\t\t\t<div class=\"elementor-divider\">\n\t\t\t<span class=\"elementor-divider-separator\">\n\t\t\t\t\t\t<\/span>\n\t\t<\/div>\n\t\t\t\t\t\t<\/div>\n\t\t\t\t<div class=\"elementor-element elementor-element-47ffec9 elementor-widget elementor-widget-heading\" data-id=\"47ffec9\" data-element_type=\"widget\" data-e-type=\"widget\" data-widget_type=\"heading.default\">\n\t\t\t\t\t<h2 class=\"elementor-heading-title elementor-size-default\">CALIDAD Y SOLVENCIA<\/h2>\t\t\t\t<\/div>\n\t\t\t\t<div class=\"elementor-element elementor-element-21eb4a2 elementor-widget elementor-widget-text-editor\" data-id=\"21eb4a2\" data-element_type=\"widget\" data-e-type=\"widget\" data-widget_type=\"text-editor.default\">\n\t\t\t\t\t\t\t\t\tLa vivienda es una de las decisiones e inversiones m\u00e1s importantes en la vida de muchas personas. Tenemos la capacidad de convertir cada proyecto en <span style=\"color: #ebebf0;\">algo \u00fanico, innovador<\/span>, sostenible y <span style=\"color: #ebebf0;\">adaptado a las necesidades del cliente<\/span>. \t\t\t\t\t\t\t\t<\/div>\n\t\t\t\t<\/div>\n\t\t\t\t<\/div>\n\t\t\t\t<\/div>\n\t\t","protected":false},"excerpt":{"rendered":"<p>Edificaci\u00f3n CALIDAD Y SOLVENCIA La vivienda es una de las decisiones e inversiones m\u00e1s importantes en la vida de muchas personas. Tenemos la capacidad de convertir cada proyecto en algo \u00fanico, innovador, sostenible y adaptado a las necesidades del cliente.<\/p>\n","protected":false},"author":1,"featured_media":0,"parent":2262,"menu_order":0,"comment_status":"closed","ping_status":"closed","template":"","meta":{"_joinchat":[],"footnotes":""},"class_list":["post-1864","page","type-page","status-publish","hentry"],"_links":{"self":[{"href":"https:\/\/miguelcarpintero.com\/es\/wp-json\/wp\/v2\/pages\/1864","targetHints":{"allow":["GET"]}}],"collection":[{"href":"https:\/\/miguelcarpintero.com\/es\/wp-json\/wp\/v2\/pages"}],"about":[{"href":"https:\/\/miguelcarpintero.com\/es\/wp-json\/wp\/v2\/types\/page"}],"author":[{"embeddable":true,"href":"https:\/\/miguelcarpintero.com\/es\/wp-json\/wp\/v2\/users\/1"}],"replies":[{"embeddable":true,"href":"https:\/\/miguelcarpintero.com\/es\/wp-json\/wp\/v2\/comments?post=1864"}],"version-history":[{"count":1,"href":"https:\/\/miguelcarpintero.com\/es\/wp-json\/wp\/v2\/pages\/1864\/revisions"}],"predecessor-version":[{"id":1865,"href":"https:\/\/miguelcarpintero.com\/es\/wp-json\/wp\/v2\/pages\/1864\/revisions\/1865"}],"up":[{"embeddable":true,"href":"https:\/\/miguelcarpintero.com\/es\/wp-json\/wp\/v2\/pages\/2262"}],"wp:attachment":[{"href":"https:\/\/miguelcarpintero.com\/es\/wp-json\/wp\/v2\/media?parent=1864"}],"curies":[{"name":"wp","href":"https:\/\/api.w.org\/{rel}","templated":true}]}}