{"id":1871,"date":"2026-02-17T14:14:50","date_gmt":"2026-02-17T14:14:50","guid":{"rendered":"https:\/\/miguelcarpintero.com\/reformas\/"},"modified":"2026-04-27T10:53:46","modified_gmt":"2026-04-27T10:53:46","slug":"reformas","status":"publish","type":"page","link":"https:\/\/miguelcarpintero.com\/es\/areas-de-negocio\/reformas\/","title":{"rendered":"Reformas"},"content":{"rendered":"\t\t<div data-elementor-type=\"wp-page\" data-elementor-id=\"1871\" class=\"elementor elementor-1871 elementor-25\">\n\t\t\t\t<div class=\"elementor-element elementor-element-2f812f1 e-con-full e-flex e-con e-parent\" data-id=\"2f812f1\" data-element_type=\"container\" data-e-type=\"container\">\n\t\t<div class=\"elementor-element elementor-element-6dfc44e e-con-full e-flex e-con e-child\" data-id=\"6dfc44e\" data-element_type=\"container\" data-e-type=\"container\" data-settings=\"{&quot;background_background&quot;:&quot;classic&quot;}\">\n\t\t\t\t<\/div>\n\t\t<div class=\"elementor-element elementor-element-f87a097 e-con-full e-flex e-con e-child\" data-id=\"f87a097\" data-element_type=\"container\" data-e-type=\"container\" data-settings=\"{&quot;background_background&quot;:&quot;classic&quot;}\">\n\t\t\t\t<div class=\"elementor-element elementor-element-04eadee elementor-widget elementor-widget-heading\" data-id=\"04eadee\" data-element_type=\"widget\" data-e-type=\"widget\" data-widget_type=\"heading.default\">\n\t\t\t\t\t<h1 class=\"elementor-heading-title elementor-size-default\">Reformas<\/h1>\t\t\t\t<\/div>\n\t\t\t\t<div class=\"elementor-element elementor-element-d192b18 elementor-widget-divider--view-line elementor-widget elementor-widget-divider\" data-id=\"d192b18\" data-element_type=\"widget\" data-e-type=\"widget\" data-widget_type=\"divider.default\">\n\t\t\t\t\t\t\t<div class=\"elementor-divider\">\n\t\t\t<span class=\"elementor-divider-separator\">\n\t\t\t\t\t\t<\/span>\n\t\t<\/div>\n\t\t\t\t\t\t<\/div>\n\t\t\t\t<div class=\"elementor-element elementor-element-19c4eea elementor-widget elementor-widget-heading\" data-id=\"19c4eea\" data-element_type=\"widget\" data-e-type=\"widget\" data-widget_type=\"heading.default\">\n\t\t\t\t\t<h2 class=\"elementor-heading-title elementor-size-default\">RENTABILIZANDO ESPACIOS<\/h2>\t\t\t\t<\/div>\n\t\t\t\t<div class=\"elementor-element elementor-element-d782fd1 elementor-widget elementor-widget-text-editor\" data-id=\"d782fd1\" data-element_type=\"widget\" data-e-type=\"widget\" data-widget_type=\"text-editor.default\">\n\t\t\t\t\t\t\t\t\t<div class=\"uncode_text_column\"><div class=\"uncode_text_column\"><p class=\"p1\">Realizamos todo <span style=\"color: #ebebf0;\">tipo de proyectos<\/span>, reformas de ba\u00f1os, reformas de cocinas,reformas<span class=\"Apple-converted-space\">  <\/span> de viviendas y locales comerciales, reformas a la industria,y<span class=\"Apple-converted-space\">  <\/span> la <span style=\"color: #ebebf0;\">adecuaci\u00f3n y modernizaci\u00f3n de cualquier espacio<\/span>, cumpliendo con las exigencias y necesidades del cliente.<\/p><\/div><\/div>\t\t\t\t\t\t\t\t<\/div>\n\t\t\t\t<\/div>\n\t\t\t\t<\/div>\n\t\t\t\t<\/div>\n\t\t","protected":false},"excerpt":{"rendered":"<p>Reformas RENTABILIZANDO ESPACIOS Realizamos todo tipo de proyectos, reformas de ba\u00f1os, reformas de cocinas,reformas de viviendas y locales comerciales, reformas a la industria,y la adecuaci\u00f3n y modernizaci\u00f3n de cualquier espacio, cumpliendo con las exigencias y necesidades del cliente.<\/p>\n","protected":false},"author":1,"featured_media":0,"parent":2262,"menu_order":0,"comment_status":"closed","ping_status":"closed","template":"","meta":{"_joinchat":[],"footnotes":""},"class_list":["post-1871","page","type-page","status-publish","hentry"],"_links":{"self":[{"href":"https:\/\/miguelcarpintero.com\/es\/wp-json\/wp\/v2\/pages\/1871","targetHints":{"allow":["GET"]}}],"collection":[{"href":"https:\/\/miguelcarpintero.com\/es\/wp-json\/wp\/v2\/pages"}],"about":[{"href":"https:\/\/miguelcarpintero.com\/es\/wp-json\/wp\/v2\/types\/page"}],"author":[{"embeddable":true,"href":"https:\/\/miguelcarpintero.com\/es\/wp-json\/wp\/v2\/users\/1"}],"replies":[{"embeddable":true,"href":"https:\/\/miguelcarpintero.com\/es\/wp-json\/wp\/v2\/comments?post=1871"}],"version-history":[{"count":1,"href":"https:\/\/miguelcarpintero.com\/es\/wp-json\/wp\/v2\/pages\/1871\/revisions"}],"predecessor-version":[{"id":1872,"href":"https:\/\/miguelcarpintero.com\/es\/wp-json\/wp\/v2\/pages\/1871\/revisions\/1872"}],"up":[{"embeddable":true,"href":"https:\/\/miguelcarpintero.com\/es\/wp-json\/wp\/v2\/pages\/2262"}],"wp:attachment":[{"href":"https:\/\/miguelcarpintero.com\/es\/wp-json\/wp\/v2\/media?parent=1871"}],"curies":[{"name":"wp","href":"https:\/\/api.w.org\/{rel}","templated":true}]}}