{"id":1924,"date":"2026-02-17T14:14:57","date_gmt":"2026-02-17T14:14:57","guid":{"rendered":"https:\/\/miguelcarpintero.com\/mantenimientos\/"},"modified":"2026-04-27T10:54:30","modified_gmt":"2026-04-27T10:54:30","slug":"mantenimientos","status":"publish","type":"page","link":"https:\/\/miguelcarpintero.com\/es\/areas-de-negocio\/mantenimientos\/","title":{"rendered":"Mantenimientos"},"content":{"rendered":"\t\t<div data-elementor-type=\"wp-page\" data-elementor-id=\"1924\" class=\"elementor elementor-1924 elementor-27\">\n\t\t\t\t<div class=\"elementor-element elementor-element-5ee8d99 e-con-full e-flex e-con e-parent\" data-id=\"5ee8d99\" data-element_type=\"container\" data-e-type=\"container\">\n\t\t<div class=\"elementor-element elementor-element-a13980c e-con-full e-flex e-con e-child\" data-id=\"a13980c\" data-element_type=\"container\" data-e-type=\"container\" data-settings=\"{&quot;background_background&quot;:&quot;classic&quot;}\">\n\t\t\t\t<\/div>\n\t\t<div class=\"elementor-element elementor-element-c7a314f e-con-full e-flex e-con e-child\" data-id=\"c7a314f\" data-element_type=\"container\" data-e-type=\"container\" data-settings=\"{&quot;background_background&quot;:&quot;classic&quot;}\">\n\t\t\t\t<div class=\"elementor-element elementor-element-6a8b577 elementor-widget elementor-widget-heading\" data-id=\"6a8b577\" data-element_type=\"widget\" data-e-type=\"widget\" data-widget_type=\"heading.default\">\n\t\t\t\t\t<h1 class=\"elementor-heading-title elementor-size-default\">Mantenimientos<\/h1>\t\t\t\t<\/div>\n\t\t\t\t<div class=\"elementor-element elementor-element-ed2c991 elementor-widget-divider--view-line elementor-widget elementor-widget-divider\" data-id=\"ed2c991\" data-element_type=\"widget\" data-e-type=\"widget\" data-widget_type=\"divider.default\">\n\t\t\t\t\t\t\t<div class=\"elementor-divider\">\n\t\t\t<span class=\"elementor-divider-separator\">\n\t\t\t\t\t\t<\/span>\n\t\t<\/div>\n\t\t\t\t\t\t<\/div>\n\t\t\t\t<div class=\"elementor-element elementor-element-563b981 elementor-widget elementor-widget-heading\" data-id=\"563b981\" data-element_type=\"widget\" data-e-type=\"widget\" data-widget_type=\"heading.default\">\n\t\t\t\t\t<h2 class=\"elementor-heading-title elementor-size-default\">SERIEDAD y COMPROMISO<\/h2>\t\t\t\t<\/div>\n\t\t\t\t<div class=\"elementor-element elementor-element-ddb7f2d elementor-widget elementor-widget-text-editor\" data-id=\"ddb7f2d\" data-element_type=\"widget\" data-e-type=\"widget\" data-widget_type=\"text-editor.default\">\n\t\t\t\t\t\t\t\t\t<div class=\"uncode_text_column\"><div class=\"uncode_text_column\"><p>Ofrecemos un servicio de <span style=\"color: #ebebf0;\">soluciones integrales<\/span> que garantizan la conservaci\u00f3n de sus inmuebles o instalaciones industriales de manera <span style=\"color: #ebebf0;\">eficaz y duradera<\/span>.<\/p><p>Los avances producidos en los \u00faltimos a\u00f1os en el sector de la construcci\u00f3n en cuanto a materiales, t\u00e9cnicas de aplicaci\u00f3n y formaci\u00f3n de profesionales, fundamentan nuestro sistema de trabajo.<\/p><\/div><\/div>\t\t\t\t\t\t\t\t<\/div>\n\t\t\t\t<\/div>\n\t\t\t\t<\/div>\n\t\t\t\t<\/div>\n\t\t","protected":false},"excerpt":{"rendered":"<p>Mantenimientos SERIEDAD y COMPROMISO Ofrecemos un servicio de soluciones integrales que garantizan la conservaci\u00f3n de sus inmuebles o instalaciones industriales de manera eficaz y duradera. Los avances producidos en los \u00faltimos a\u00f1os en el sector de la construcci\u00f3n en cuanto a materiales, t\u00e9cnicas de aplicaci\u00f3n y formaci\u00f3n de profesionales, fundamentan nuestro sistema de trabajo.<\/p>\n","protected":false},"author":1,"featured_media":0,"parent":2262,"menu_order":0,"comment_status":"closed","ping_status":"closed","template":"","meta":{"_joinchat":[],"footnotes":""},"class_list":["post-1924","page","type-page","status-publish","hentry"],"_links":{"self":[{"href":"https:\/\/miguelcarpintero.com\/es\/wp-json\/wp\/v2\/pages\/1924","targetHints":{"allow":["GET"]}}],"collection":[{"href":"https:\/\/miguelcarpintero.com\/es\/wp-json\/wp\/v2\/pages"}],"about":[{"href":"https:\/\/miguelcarpintero.com\/es\/wp-json\/wp\/v2\/types\/page"}],"author":[{"embeddable":true,"href":"https:\/\/miguelcarpintero.com\/es\/wp-json\/wp\/v2\/users\/1"}],"replies":[{"embeddable":true,"href":"https:\/\/miguelcarpintero.com\/es\/wp-json\/wp\/v2\/comments?post=1924"}],"version-history":[{"count":1,"href":"https:\/\/miguelcarpintero.com\/es\/wp-json\/wp\/v2\/pages\/1924\/revisions"}],"predecessor-version":[{"id":1926,"href":"https:\/\/miguelcarpintero.com\/es\/wp-json\/wp\/v2\/pages\/1924\/revisions\/1926"}],"up":[{"embeddable":true,"href":"https:\/\/miguelcarpintero.com\/es\/wp-json\/wp\/v2\/pages\/2262"}],"wp:attachment":[{"href":"https:\/\/miguelcarpintero.com\/es\/wp-json\/wp\/v2\/media?parent=1924"}],"curies":[{"name":"wp","href":"https:\/\/api.w.org\/{rel}","templated":true}]}}