{"id":2013,"date":"2026-02-17T14:14:12","date_gmt":"2026-02-17T14:14:12","guid":{"rendered":"https:\/\/miguelcarpintero.com\/quienes-somos\/"},"modified":"2026-04-27T10:57:29","modified_gmt":"2026-04-27T10:57:29","slug":"quienes-somos","status":"publish","type":"page","link":"https:\/\/miguelcarpintero.com\/es\/quienes-somos\/","title":{"rendered":"QUI\u00c9NES SOMOS"},"content":{"rendered":"\t\t<div data-elementor-type=\"wp-page\" data-elementor-id=\"2013\" class=\"elementor elementor-2013 elementor-17\">\n\t\t\t\t<div class=\"elementor-element elementor-element-6387908 e-flex e-con-boxed e-con e-parent\" data-id=\"6387908\" data-element_type=\"container\" data-e-type=\"container\" data-settings=\"{&quot;background_background&quot;:&quot;classic&quot;}\">\n\t\t\t\t\t<div class=\"e-con-inner\">\n\t\t\t\t<div class=\"elementor-element elementor-element-d1d3439 elementor-widget elementor-widget-heading\" data-id=\"d1d3439\" data-element_type=\"widget\" data-e-type=\"widget\" data-widget_type=\"heading.default\">\n\t\t\t\t\t<h1 class=\"elementor-heading-title elementor-size-default\">Qui\u00e9nes Somos<\/h1>\t\t\t\t<\/div>\n\t\t\t\t\t<\/div>\n\t\t\t\t<\/div>\n\t\t<div class=\"elementor-element elementor-element-4ed41e9 e-flex e-con-boxed e-con e-parent\" data-id=\"4ed41e9\" data-element_type=\"container\" data-e-type=\"container\">\n\t\t\t\t\t<div class=\"e-con-inner\">\n\t\t\t\t<div class=\"elementor-element elementor-element-bae2ffb elementor-widget elementor-widget-heading\" data-id=\"bae2ffb\" data-element_type=\"widget\" data-e-type=\"widget\" data-widget_type=\"heading.default\">\n\t\t\t\t\t<h2 class=\"elementor-heading-title elementor-size-default\">Los valores que nos hacen crecer<\/h2>\t\t\t\t<\/div>\n\t\t\t\t\t<\/div>\n\t\t\t\t<\/div>\n\t\t<div class=\"elementor-element elementor-element-32cab29 e-con-full e-flex e-con e-parent\" data-id=\"32cab29\" data-element_type=\"container\" data-e-type=\"container\">\n\t\t<div class=\"elementor-element elementor-element-ca1d409 e-con-full animated-fast e-flex elementor-invisible e-con e-child\" data-id=\"ca1d409\" data-element_type=\"container\" data-e-type=\"container\" data-settings=\"{&quot;background_background&quot;:&quot;classic&quot;,&quot;animation&quot;:&quot;zoomIn&quot;}\">\n\t\t\t\t<div class=\"elementor-element elementor-element-1f687b9 elementor-widget elementor-widget-image\" data-id=\"1f687b9\" data-element_type=\"widget\" data-e-type=\"widget\" data-widget_type=\"image.default\">\n\t\t\t\t\t\t\t\t\t\t\t\t\t\t\t<img decoding=\"async\" width=\"512\" height=\"512\" src=\"https:\/\/miguelcarpintero.com\/wp-content\/uploads\/2026\/03\/Heart.png\" class=\"attachment-large size-large wp-image-2015\" alt=\"\u2013 Miguel Carpintero\" srcset=\"https:\/\/miguelcarpintero.com\/wp-content\/uploads\/2026\/03\/Heart.png 512w, https:\/\/miguelcarpintero.com\/wp-content\/uploads\/2026\/03\/Heart-300x300.png 300w, https:\/\/miguelcarpintero.com\/wp-content\/uploads\/2026\/03\/Heart-150x150.png 150w\" sizes=\"(max-width: 512px) 100vw, 512px\" title=\"\">\t\t\t\t\t\t\t\t\t\t\t\t\t\t\t<\/div>\n\t\t\t\t<div class=\"elementor-element elementor-element-1cb300e elementor-widget elementor-widget-heading\" data-id=\"1cb300e\" data-element_type=\"widget\" data-e-type=\"widget\" data-widget_type=\"heading.default\">\n\t\t\t\t\t<h3 class=\"elementor-heading-title elementor-size-default\">Experiencia<\/h3>\t\t\t\t<\/div>\n\t\t\t\t<div class=\"elementor-element elementor-element-bb1c4ca elementor-widget elementor-widget-text-editor\" data-id=\"bb1c4ca\" data-element_type=\"widget\" data-e-type=\"widget\" data-widget_type=\"text-editor.default\">\n\t\t\t\t\t\t\t\t\t<p>Desde la fundaci\u00f3n de la empresa en 1977, Miguel Carpintero ha ido desempe\u00f1ando su objetivo de ocupar un papel importante en la construcci\u00f3n, creando una empresa de calidad, imagen, prestigio y expansi\u00f3n.<\/p>\t\t\t\t\t\t\t\t<\/div>\n\t\t\t\t<\/div>\n\t\t<div class=\"elementor-element elementor-element-ffba0d5 e-con-full animated-fast e-flex elementor-invisible e-con e-child\" data-id=\"ffba0d5\" data-element_type=\"container\" data-e-type=\"container\" data-settings=\"{&quot;animation&quot;:&quot;zoomIn&quot;}\">\n\t\t\t\t<div class=\"elementor-element elementor-element-550e29d elementor-widget elementor-widget-image\" data-id=\"550e29d\" data-element_type=\"widget\" data-e-type=\"widget\" data-widget_type=\"image.default\">\n\t\t\t\t\t\t\t\t\t\t\t\t\t\t\t<img decoding=\"async\" width=\"800\" height=\"744\" src=\"https:\/\/miguelcarpintero.com\/wp-content\/uploads\/2026\/03\/miguel-carpintero-projectes_059-1024x952.webp\" class=\"attachment-large size-large wp-image-1826\" alt=\"Industrial-Miguel Carpintero\" srcset=\"https:\/\/miguelcarpintero.com\/wp-content\/uploads\/2026\/03\/miguel-carpintero-projectes_059-1024x952.webp 1024w, https:\/\/miguelcarpintero.com\/wp-content\/uploads\/2026\/03\/miguel-carpintero-projectes_059-300x279.webp 300w, https:\/\/miguelcarpintero.com\/wp-content\/uploads\/2026\/03\/miguel-carpintero-projectes_059-768x714.webp 768w, https:\/\/miguelcarpintero.com\/wp-content\/uploads\/2026\/03\/miguel-carpintero-projectes_059-1536x1428.webp 1536w, https:\/\/miguelcarpintero.com\/wp-content\/uploads\/2026\/03\/miguel-carpintero-projectes_059.webp 1600w\" sizes=\"(max-width: 800px) 100vw, 800px\" title=\"\">\t\t\t\t\t\t\t\t\t\t\t\t\t\t\t<\/div>\n\t\t\t\t<\/div>\n\t\t<div class=\"elementor-element elementor-element-e541541 e-con-full animated-fast e-flex elementor-invisible e-con e-child\" data-id=\"e541541\" data-element_type=\"container\" data-e-type=\"container\" data-settings=\"{&quot;background_background&quot;:&quot;classic&quot;,&quot;animation&quot;:&quot;zoomIn&quot;}\">\n\t\t\t\t<div class=\"elementor-element elementor-element-ae347e5 elementor-widget elementor-widget-image\" data-id=\"ae347e5\" data-element_type=\"widget\" data-e-type=\"widget\" data-widget_type=\"image.default\">\n\t\t\t\t\t\t\t\t\t\t\t\t\t\t\t<img decoding=\"async\" width=\"368\" height=\"512\" src=\"https:\/\/miguelcarpintero.com\/wp-content\/uploads\/2026\/03\/Compass.png\" class=\"attachment-large size-large wp-image-2016\" alt=\"\u2013 Miguel Carpintero\" srcset=\"https:\/\/miguelcarpintero.com\/wp-content\/uploads\/2026\/03\/Compass.png 368w, https:\/\/miguelcarpintero.com\/wp-content\/uploads\/2026\/03\/Compass-216x300.png 216w\" sizes=\"(max-width: 368px) 100vw, 368px\" title=\"\">\t\t\t\t\t\t\t\t\t\t\t\t\t\t\t<\/div>\n\t\t\t\t<div class=\"elementor-element elementor-element-f627b25 elementor-widget elementor-widget-heading\" data-id=\"f627b25\" data-element_type=\"widget\" data-e-type=\"widget\" data-widget_type=\"heading.default\">\n\t\t\t\t\t<h3 class=\"elementor-heading-title elementor-size-default\">Estructura<\/h3>\t\t\t\t<\/div>\n\t\t\t\t<div class=\"elementor-element elementor-element-c57226f elementor-widget elementor-widget-text-editor\" data-id=\"c57226f\" data-element_type=\"widget\" data-e-type=\"widget\" data-widget_type=\"text-editor.default\">\n\t\t\t\t\t\t\t\t\t<p>Con una estructura sencilla, din\u00e1mica y cercana, ofrecemos soluciones integrales al cliente en las diferentes \u00e1reas de actividades, EDIFICACIONES, INDUSTRIAL, REFORMAS y MANTENIMIENTOS, destinadas tanto a particulares como a empresas.<\/p>\t\t\t\t\t\t\t\t<\/div>\n\t\t\t\t<\/div>\n\t\t\t\t<\/div>\n\t\t<div class=\"elementor-element elementor-element-d1e0a24 e-con-full e-flex e-con e-parent\" data-id=\"d1e0a24\" data-element_type=\"container\" data-e-type=\"container\">\n\t\t<div class=\"elementor-element elementor-element-fbfbb24 e-con-full animated-fast e-flex elementor-invisible e-con e-child\" data-id=\"fbfbb24\" data-element_type=\"container\" data-e-type=\"container\" data-settings=\"{&quot;animation&quot;:&quot;zoomIn&quot;}\">\n\t\t\t\t<div class=\"elementor-element elementor-element-a2d38a8 elementor-widget elementor-widget-image\" data-id=\"a2d38a8\" data-element_type=\"widget\" data-e-type=\"widget\" data-widget_type=\"image.default\">\n\t\t\t\t\t\t\t\t\t\t\t\t\t\t\t<img decoding=\"async\" width=\"800\" height=\"791\" src=\"https:\/\/miguelcarpintero.com\/wp-content\/uploads\/2026\/03\/miguel-carpintero-projectes_129-1024x1013.webp\" class=\"attachment-large size-large wp-image-2017\" alt=\"Experiencia - Miguel Carpintero\" srcset=\"https:\/\/miguelcarpintero.com\/wp-content\/uploads\/2026\/03\/miguel-carpintero-projectes_129-1024x1013.webp 1024w, https:\/\/miguelcarpintero.com\/wp-content\/uploads\/2026\/03\/miguel-carpintero-projectes_129-300x297.webp 300w, https:\/\/miguelcarpintero.com\/wp-content\/uploads\/2026\/03\/miguel-carpintero-projectes_129-768x760.webp 768w, https:\/\/miguelcarpintero.com\/wp-content\/uploads\/2026\/03\/miguel-carpintero-projectes_129-1536x1520.webp 1536w, https:\/\/miguelcarpintero.com\/wp-content\/uploads\/2026\/03\/miguel-carpintero-projectes_129.webp 1600w\" sizes=\"(max-width: 800px) 100vw, 800px\" title=\"\">\t\t\t\t\t\t\t\t\t\t\t\t\t\t\t<\/div>\n\t\t\t\t<\/div>\n\t\t<div class=\"elementor-element elementor-element-c205bcd e-con-full animated-fast e-flex elementor-invisible e-con e-child\" data-id=\"c205bcd\" data-element_type=\"container\" data-e-type=\"container\" data-settings=\"{&quot;background_background&quot;:&quot;classic&quot;,&quot;animation&quot;:&quot;zoomIn&quot;}\">\n\t\t\t\t<div class=\"elementor-element elementor-element-06561bd elementor-widget elementor-widget-image\" data-id=\"06561bd\" data-element_type=\"widget\" data-e-type=\"widget\" data-widget_type=\"image.default\">\n\t\t\t\t\t\t\t\t\t\t\t\t\t\t\t<img decoding=\"async\" width=\"560\" height=\"512\" src=\"https:\/\/miguelcarpintero.com\/wp-content\/uploads\/2026\/03\/Puzzle.png\" class=\"attachment-large size-large wp-image-2018\" alt=\"\u2013 Miguel Carpintero\" srcset=\"https:\/\/miguelcarpintero.com\/wp-content\/uploads\/2026\/03\/Puzzle.png 560w, https:\/\/miguelcarpintero.com\/wp-content\/uploads\/2026\/03\/Puzzle-300x274.png 300w\" sizes=\"(max-width: 560px) 100vw, 560px\" title=\"\">\t\t\t\t\t\t\t\t\t\t\t\t\t\t\t<\/div>\n\t\t\t\t<div class=\"elementor-element elementor-element-c4b9af0 elementor-widget elementor-widget-heading\" data-id=\"c4b9af0\" data-element_type=\"widget\" data-e-type=\"widget\" data-widget_type=\"heading.default\">\n\t\t\t\t\t<h3 class=\"elementor-heading-title elementor-size-default\">Funcionamiento<\/h3>\t\t\t\t<\/div>\n\t\t\t\t<div class=\"elementor-element elementor-element-0d22765 elementor-widget elementor-widget-text-editor\" data-id=\"0d22765\" data-element_type=\"widget\" data-e-type=\"widget\" data-widget_type=\"text-editor.default\">\n\t\t\t\t\t\t\t\t\t<p>Proyecta, planifica, dirige y ejecuta de forma eficiente y sostenible todas las \u00e1reas de actividades, procurando obtener en todos sus proyectos el mejor rendimiento del espacio y recursos disponibles, rentabilizando al m\u00e1ximo la inversi\u00f3n realizada.<\/p>\t\t\t\t\t\t\t\t<\/div>\n\t\t\t\t<\/div>\n\t\t<div class=\"elementor-element elementor-element-9ded92f e-con-full animated-fast e-flex elementor-invisible e-con e-child\" data-id=\"9ded92f\" data-element_type=\"container\" data-e-type=\"container\" data-settings=\"{&quot;animation&quot;:&quot;zoomIn&quot;}\">\n\t\t\t\t<div class=\"elementor-element elementor-element-a188353 elementor-widget elementor-widget-image\" data-id=\"a188353\" data-element_type=\"widget\" data-e-type=\"widget\" data-widget_type=\"image.default\">\n\t\t\t\t\t\t\t\t\t\t\t\t\t\t\t<img decoding=\"async\" width=\"800\" height=\"534\" src=\"https:\/\/miguelcarpintero.com\/wp-content\/uploads\/2026\/03\/miguel-carpintero-projectes_099-1024x683.webp\" class=\"attachment-large size-large wp-image-2019\" alt=\"\u2013 Miguel Carpintero\" srcset=\"https:\/\/miguelcarpintero.com\/wp-content\/uploads\/2026\/03\/miguel-carpintero-projectes_099-1024x683.webp 1024w, https:\/\/miguelcarpintero.com\/wp-content\/uploads\/2026\/03\/miguel-carpintero-projectes_099-300x200.webp 300w, https:\/\/miguelcarpintero.com\/wp-content\/uploads\/2026\/03\/miguel-carpintero-projectes_099-768x512.webp 768w, https:\/\/miguelcarpintero.com\/wp-content\/uploads\/2026\/03\/miguel-carpintero-projectes_099-1536x1024.webp 1536w, https:\/\/miguelcarpintero.com\/wp-content\/uploads\/2026\/03\/miguel-carpintero-projectes_099.webp 1600w\" sizes=\"(max-width: 800px) 100vw, 800px\" title=\"\">\t\t\t\t\t\t\t\t\t\t\t\t\t\t\t<\/div>\n\t\t\t\t<\/div>\n\t\t\t\t<\/div>\n\t\t<div class=\"elementor-element elementor-element-a0b2f7a e-con-full e-flex e-con e-parent\" data-id=\"a0b2f7a\" data-element_type=\"container\" data-e-type=\"container\">\n\t\t<div class=\"elementor-element elementor-element-5480283 e-con-full animated-fast e-flex elementor-invisible e-con e-child\" data-id=\"5480283\" data-element_type=\"container\" data-e-type=\"container\" data-settings=\"{&quot;background_background&quot;:&quot;classic&quot;,&quot;animation&quot;:&quot;zoomIn&quot;}\">\n\t\t\t\t<div class=\"elementor-element elementor-element-c6cb2cc elementor-widget elementor-widget-image\" data-id=\"c6cb2cc\" data-element_type=\"widget\" data-e-type=\"widget\" data-widget_type=\"image.default\">\n\t\t\t\t\t\t\t\t\t\t\t\t\t\t\t<img decoding=\"async\" width=\"576\" height=\"512\" src=\"https:\/\/miguelcarpintero.com\/wp-content\/uploads\/2026\/03\/Male.png\" class=\"attachment-large size-large wp-image-2020\" alt=\"\u2013 Miguel Carpintero\" srcset=\"https:\/\/miguelcarpintero.com\/wp-content\/uploads\/2026\/03\/Male.png 576w, https:\/\/miguelcarpintero.com\/wp-content\/uploads\/2026\/03\/Male-300x267.png 300w\" sizes=\"(max-width: 576px) 100vw, 576px\" title=\"\">\t\t\t\t\t\t\t\t\t\t\t\t\t\t\t<\/div>\n\t\t\t\t<div class=\"elementor-element elementor-element-bf5c4c8 elementor-widget elementor-widget-heading\" data-id=\"bf5c4c8\" data-element_type=\"widget\" data-e-type=\"widget\" data-widget_type=\"heading.default\">\n\t\t\t\t\t<h3 class=\"elementor-heading-title elementor-size-default\">Personal<\/h3>\t\t\t\t<\/div>\n\t\t\t\t<div class=\"elementor-element elementor-element-aaccde9 elementor-widget elementor-widget-text-editor\" data-id=\"aaccde9\" data-element_type=\"widget\" data-e-type=\"widget\" data-widget_type=\"text-editor.default\">\n\t\t\t\t\t\t\t\t\t<p>Cuenta con personal altamente cualificado y de una extensa relaci\u00f3n de colaboradores especializados en la ejecuci\u00f3n de obras desde el principio hasta el final, coordinando oficios y materiales. Y siempre, con la calidad, eficacia y formalidad en el cumplimiento de nuestros plazos de ejecuci\u00f3n como principal carta de presentaci\u00f3n. <\/p>\t\t\t\t\t\t\t\t<\/div>\n\t\t\t\t<\/div>\n\t\t<div class=\"elementor-element elementor-element-b4f0be5 e-con-full animated-fast e-flex elementor-invisible e-con e-child\" data-id=\"b4f0be5\" data-element_type=\"container\" data-e-type=\"container\" data-settings=\"{&quot;animation&quot;:&quot;zoomIn&quot;}\">\n\t\t\t\t<div class=\"elementor-element elementor-element-59ab69a elementor-widget elementor-widget-image\" data-id=\"59ab69a\" data-element_type=\"widget\" data-e-type=\"widget\" data-widget_type=\"image.default\">\n\t\t\t\t\t\t\t\t\t\t\t\t\t\t\t<img decoding=\"async\" width=\"800\" height=\"600\" src=\"https:\/\/miguelcarpintero.com\/wp-content\/uploads\/2026\/03\/miguel-carpintero-projectes_070-1024x768.webp\" class=\"attachment-large size-large wp-image-2021\" alt=\"Medio Ambiente-Miguel Carpintero\" srcset=\"https:\/\/miguelcarpintero.com\/wp-content\/uploads\/2026\/03\/miguel-carpintero-projectes_070-1024x768.webp 1024w, https:\/\/miguelcarpintero.com\/wp-content\/uploads\/2026\/03\/miguel-carpintero-projectes_070-300x225.webp 300w, https:\/\/miguelcarpintero.com\/wp-content\/uploads\/2026\/03\/miguel-carpintero-projectes_070-768x576.webp 768w, https:\/\/miguelcarpintero.com\/wp-content\/uploads\/2026\/03\/miguel-carpintero-projectes_070-1536x1152.webp 1536w, https:\/\/miguelcarpintero.com\/wp-content\/uploads\/2026\/03\/miguel-carpintero-projectes_070.webp 1600w\" sizes=\"(max-width: 800px) 100vw, 800px\" title=\"\">\t\t\t\t\t\t\t\t\t\t\t\t\t\t\t<\/div>\n\t\t\t\t<\/div>\n\t\t<div class=\"elementor-element elementor-element-bc3f6be e-con-full animated-fast e-flex elementor-invisible e-con e-child\" data-id=\"bc3f6be\" data-element_type=\"container\" data-e-type=\"container\" data-settings=\"{&quot;background_background&quot;:&quot;classic&quot;,&quot;animation&quot;:&quot;zoomIn&quot;}\">\n\t\t\t\t<div class=\"elementor-element elementor-element-63a811f elementor-widget elementor-widget-image\" data-id=\"63a811f\" data-element_type=\"widget\" data-e-type=\"widget\" data-widget_type=\"image.default\">\n\t\t\t\t\t\t\t\t\t\t\t\t\t\t\t<img decoding=\"async\" width=\"368\" height=\"512\" src=\"https:\/\/miguelcarpintero.com\/wp-content\/uploads\/2026\/03\/Compass.png\" class=\"attachment-large size-large wp-image-2016\" alt=\"\u2013 Miguel Carpintero\" srcset=\"https:\/\/miguelcarpintero.com\/wp-content\/uploads\/2026\/03\/Compass.png 368w, https:\/\/miguelcarpintero.com\/wp-content\/uploads\/2026\/03\/Compass-216x300.png 216w\" sizes=\"(max-width: 368px) 100vw, 368px\" title=\"\">\t\t\t\t\t\t\t\t\t\t\t\t\t\t\t<\/div>\n\t\t\t\t<div class=\"elementor-element elementor-element-7e8deea elementor-widget elementor-widget-heading\" data-id=\"7e8deea\" data-element_type=\"widget\" data-e-type=\"widget\" data-widget_type=\"heading.default\">\n\t\t\t\t\t<h3 class=\"elementor-heading-title elementor-size-default\">Medio ambiente<\/h3>\t\t\t\t<\/div>\n\t\t\t\t<div class=\"elementor-element elementor-element-112aba0 elementor-widget elementor-widget-text-editor\" data-id=\"112aba0\" data-element_type=\"widget\" data-e-type=\"widget\" data-widget_type=\"text-editor.default\">\n\t\t\t\t\t\t\t\t\tNos comprometemos con una construcci\u00f3n responsable y respetuosa con el medio ambiente, reduciendo residuos, optimizando recursos y minimizando el impacto ambiental para crear edificaciones m\u00e1s sostenibles y eficientes.\t\t\t\t\t\t\t\t<\/div>\n\t\t\t\t<\/div>\n\t\t\t\t<\/div>\n\t\t\t\t<\/div>\n\t\t","protected":false},"excerpt":{"rendered":"<p>Qui\u00e9nes Somos Los valores que nos hacen crecer Experiencia Desde la fundaci\u00f3n de la empresa en 1977, Miguel Carpintero ha ido desempe\u00f1ando su objetivo de ocupar un papel importante en la construcci\u00f3n, creando una empresa de calidad, imagen, prestigio y expansi\u00f3n. Estructura Con una estructura sencilla, din\u00e1mica y cercana, ofrecemos soluciones integrales al cliente en [&hellip;]<\/p>\n","protected":false},"author":1,"featured_media":0,"parent":0,"menu_order":0,"comment_status":"closed","ping_status":"closed","template":"","meta":{"_joinchat":[],"footnotes":""},"class_list":["post-2013","page","type-page","status-publish","hentry"],"_links":{"self":[{"href":"https:\/\/miguelcarpintero.com\/es\/wp-json\/wp\/v2\/pages\/2013","targetHints":{"allow":["GET"]}}],"collection":[{"href":"https:\/\/miguelcarpintero.com\/es\/wp-json\/wp\/v2\/pages"}],"about":[{"href":"https:\/\/miguelcarpintero.com\/es\/wp-json\/wp\/v2\/types\/page"}],"author":[{"embeddable":true,"href":"https:\/\/miguelcarpintero.com\/es\/wp-json\/wp\/v2\/users\/1"}],"replies":[{"embeddable":true,"href":"https:\/\/miguelcarpintero.com\/es\/wp-json\/wp\/v2\/comments?post=2013"}],"version-history":[{"count":3,"href":"https:\/\/miguelcarpintero.com\/es\/wp-json\/wp\/v2\/pages\/2013\/revisions"}],"predecessor-version":[{"id":2198,"href":"https:\/\/miguelcarpintero.com\/es\/wp-json\/wp\/v2\/pages\/2013\/revisions\/2198"}],"wp:attachment":[{"href":"https:\/\/miguelcarpintero.com\/es\/wp-json\/wp\/v2\/media?parent=2013"}],"curies":[{"name":"wp","href":"https:\/\/api.w.org\/{rel}","templated":true}]}}