{"id":2153,"date":"2026-04-17T08:12:46","date_gmt":"2026-04-17T08:12:46","guid":{"rendered":"https:\/\/miguelcarpintero.com\/aviso-legal\/"},"modified":"2026-04-17T08:25:17","modified_gmt":"2026-04-17T08:25:17","slug":"aviso-legal","status":"publish","type":"page","link":"https:\/\/miguelcarpintero.com\/es\/aviso-legal\/","title":{"rendered":"Aviso Legal"},"content":{"rendered":"\t\t<div data-elementor-type=\"wp-page\" data-elementor-id=\"2153\" class=\"elementor elementor-2153 elementor-2124\">\n\t\t\t\t<div class=\"elementor-element elementor-element-6e1ab77 e-flex e-con-boxed e-con e-parent\" data-id=\"6e1ab77\" data-element_type=\"container\" data-e-type=\"container\" data-settings=\"{&quot;background_background&quot;:&quot;classic&quot;}\">\n\t\t\t\t\t<div class=\"e-con-inner\">\n\t\t\t\t<div class=\"elementor-element elementor-element-1ecbcd2 elementor-widget elementor-widget-heading\" data-id=\"1ecbcd2\" data-element_type=\"widget\" data-e-type=\"widget\" data-widget_type=\"heading.default\">\n\t\t\t\t\t<h1 class=\"elementor-heading-title elementor-size-default\">Aviso Legal<\/h1>\t\t\t\t<\/div>\n\t\t\t\t\t<\/div>\n\t\t\t\t<\/div>\n\t\t<div class=\"elementor-element elementor-element-550c844 e-flex e-con-boxed e-con e-parent\" data-id=\"550c844\" data-element_type=\"container\" data-e-type=\"container\">\n\t\t\t\t\t<div class=\"e-con-inner\">\n\t\t\t\t<div class=\"elementor-element elementor-element-76a0e76 elementor-widget elementor-widget-text-editor\" data-id=\"76a0e76\" data-element_type=\"widget\" data-e-type=\"widget\" data-widget_type=\"text-editor.default\">\n\t\t\t\t\t\t\t\t\t<p class=\"p1\">En cumplimiento del art\u00edculo 10 de la Ley 34\/2002, de 11 de julio, de Servicios de la Sociedad de la Informaci\u00f3n y Comercio Electr\u00f3nico (LSSICE) a continuaci\u00f3n se detallan los datos identificativos de la entidad:<br>Raz\u00f3n social: MIGUEL CARPINTERO SL<br>NIF: B17033598<br>Direcci\u00f3n: C\/ Viladesau, 7 \u2013 17481 \u2013 Sant Juli\u00e0 de Ramis \u2013 GIRONA<br>Tel\u00e9fono: 972170299<br>Email: info@miguelcarpintero.com<br>Registro Mercantil de _______________; Tomo: ____; Libro: ____; Folio: ____; Hoja: ____ Fecha: __\/______<\/p><p> <\/p><p class=\"p1\"><strong>FINALIDAD DEL SITIO WEB.<\/strong><br>Este sitio web tiene como finalidad ofrecer a cualquier usuario una visi\u00f3n de los servicios ofrecidos, los proyectos realizados adem\u00e1s de la informaci\u00f3n para poder ponerse en contacto con MMIGUEL CARPINTERO, SL. El presente aviso legal (en adelante, \u00abAviso Legal\u00bb) regula el uso del sitio web: www.miguelcarpintero.com <\/p><p> <\/p><p class=\"p1\"><strong>LEGISLACI\u00d3N.<\/strong><br>Con car\u00e1cter general las relaciones entre la entidad y los Usuarios de sus servicios telem\u00e1ticos, presentes en este sitio web, se encuentran sometidas a la legislaci\u00f3n y jurisdicci\u00f3n espa\u00f1olas.<\/p><p> <\/p><p class=\"p1\"><strong>USO Y ACCESO DE USUARIOS.<\/strong><br>El Usuario queda informado, y acepta, de que el acceso a la presente web no supone, en modo alguno, el inicio de una relaci\u00f3n comercial con MIGUEL CARPINTERO SL o cualquiera de sus delegaciones.<\/p><p> <\/p><p class=\"p1\"><strong>PROPIEDAD INTEL\u00b7 LECTUAL E INDUSTRIAL.<\/strong><br>Los derechos de propiedad intelectual del contenido de las p\u00e1ginas web, su dise\u00f1o gr\u00e1fico y c\u00f3digos son titularidad de MIGUEL CARPINTERO SL y, por tanto, queda prohibida su reproducci\u00f3n, distribuci\u00f3n, comunicaci\u00f3n p\u00fablica, transformaci\u00f3n o cualquier otra actividad que se pueda realizar con los contenidos de sus p\u00e1ginas web ni citando las fuentes,  excepto con el consentimiento por escrito de MIGUEL CARPINTERO SL, .<\/p><p> <\/p><p class=\"p1\"><strong>CONTENIDO DE LA WEB Y ENLACES (LINKS).<\/strong><br>MIGUEL CARPINTERO SL se reserva el derecho a actualizar, modificar o eliminar la informaci\u00f3n contenida en sus p\u00e1ginas web pudiendo incluso limitar o no permitir el acceso a esta informaci\u00f3n a ciertos usuarios.<br>MIGUEL CARPINTERO SL no asume responsabilidad alguna por la informaci\u00f3n contenida en p\u00e1ginas web de terceros a las que se pueda acceder por \u00ablinks\u00bb o enlaces desde cualquier p\u00e1gina web propiedad de MIGUEL CARPINTERO SL . La presencia de \u00ablinks\u00bb o enlaces a las p\u00e1ginas web de MIGUEL CARPINTERO SL tiene finalidad meramente informativa y en ning\u00fan caso supone sugerencia, invitaci\u00f3n o recomendaci\u00f3n sobre los mismos. <\/p>\t\t\t\t\t\t\t\t<\/div>\n\t\t\t\t\t<\/div>\n\t\t\t\t<\/div>\n\t\t\t\t<\/div>\n\t\t","protected":false},"excerpt":{"rendered":"<p>Aviso Legal En cumplimiento del art\u00edculo 10 de la Ley 34\/2002, de 11 de julio, de Servicios de la Sociedad de la Informaci\u00f3n y Comercio Electr\u00f3nico (LSSICE) a continuaci\u00f3n se detallan los datos identificativos de la entidad:Raz\u00f3n social: MIGUEL CARPINTERO SLNIF: B17033598Direcci\u00f3n: C\/ Viladesau, 7 \u2013 17481 \u2013 Sant Juli\u00e0 de Ramis \u2013 GIRONATel\u00e9fono: 972170299Email: [&hellip;]<\/p>\n","protected":false},"author":1,"featured_media":0,"parent":0,"menu_order":0,"comment_status":"closed","ping_status":"closed","template":"","meta":{"_joinchat":[],"footnotes":""},"class_list":["post-2153","page","type-page","status-publish","hentry"],"_links":{"self":[{"href":"https:\/\/miguelcarpintero.com\/es\/wp-json\/wp\/v2\/pages\/2153","targetHints":{"allow":["GET"]}}],"collection":[{"href":"https:\/\/miguelcarpintero.com\/es\/wp-json\/wp\/v2\/pages"}],"about":[{"href":"https:\/\/miguelcarpintero.com\/es\/wp-json\/wp\/v2\/types\/page"}],"author":[{"embeddable":true,"href":"https:\/\/miguelcarpintero.com\/es\/wp-json\/wp\/v2\/users\/1"}],"replies":[{"embeddable":true,"href":"https:\/\/miguelcarpintero.com\/es\/wp-json\/wp\/v2\/comments?post=2153"}],"version-history":[{"count":1,"href":"https:\/\/miguelcarpintero.com\/es\/wp-json\/wp\/v2\/pages\/2153\/revisions"}],"predecessor-version":[{"id":2156,"href":"https:\/\/miguelcarpintero.com\/es\/wp-json\/wp\/v2\/pages\/2153\/revisions\/2156"}],"wp:attachment":[{"href":"https:\/\/miguelcarpintero.com\/es\/wp-json\/wp\/v2\/media?parent=2153"}],"curies":[{"name":"wp","href":"https:\/\/api.w.org\/{rel}","templated":true}]}}