{"id":2157,"date":"2026-04-17T08:20:17","date_gmt":"2026-04-17T08:20:17","guid":{"rendered":"https:\/\/miguelcarpintero.com\/politica-de-cookies\/"},"modified":"2026-04-17T08:25:14","modified_gmt":"2026-04-17T08:25:14","slug":"politica-de-cookies","status":"publish","type":"page","link":"https:\/\/miguelcarpintero.com\/es\/politica-de-cookies\/","title":{"rendered":"Pol\u00edtica de cookies"},"content":{"rendered":"\t\t<div data-elementor-type=\"wp-page\" data-elementor-id=\"2157\" class=\"elementor elementor-2157 elementor-2142\">\n\t\t\t\t<div class=\"elementor-element elementor-element-22b1d90 e-flex e-con-boxed e-con e-parent\" data-id=\"22b1d90\" data-element_type=\"container\" data-e-type=\"container\" data-settings=\"{&quot;background_background&quot;:&quot;classic&quot;}\">\n\t\t\t\t\t<div class=\"e-con-inner\">\n\t\t\t\t<div class=\"elementor-element elementor-element-1483dde elementor-widget elementor-widget-heading\" data-id=\"1483dde\" data-element_type=\"widget\" data-e-type=\"widget\" data-widget_type=\"heading.default\">\n\t\t\t\t\t<h1 class=\"elementor-heading-title elementor-size-default\">Pol\u00edtica de cookies<\/h1>\t\t\t\t<\/div>\n\t\t\t\t\t<\/div>\n\t\t\t\t<\/div>\n\t\t<div class=\"elementor-element elementor-element-96b1e6f e-flex e-con-boxed e-con e-parent\" data-id=\"96b1e6f\" data-element_type=\"container\" data-e-type=\"container\">\n\t\t\t\t\t<div class=\"e-con-inner\">\n\t\t\t\t<div class=\"elementor-element elementor-element-3c3db4a elementor-widget elementor-widget-text-editor\" data-id=\"3c3db4a\" data-element_type=\"widget\" data-e-type=\"widget\" data-widget_type=\"text-editor.default\">\n\t\t\t\t\t\t\t\t\t<p>MIGUEL CARPINTERO SL, mediante el presente documento, recoge su Pol\u00edtica de Recogida y Tratamiento de Cookies, en cumplimiento de lo dispuesto en el art\u00edculo 22.2 de la Ley 34\/2002, de 11 de julio, de Servicios de la Sociedad y de la Informaci\u00f3n y de Comercio Electr\u00f3nico (LSSICE). Las Cookies se almacenan en el terminal del usuario (ordenador y dispositivo m\u00f3vil) y recaban informaci\u00f3n al visitar la p\u00e1gina web www.miguelcarpintero.com , con la finalidad de mejorar el uso de las mismas conocer los h\u00e1bitos o necesidades de navegaci\u00f3n de los usuarios para poder adaptarse a los mismos, as\u00ed como obtener informaci\u00f3n con fines estad\u00edsticos. En caso de aquellos usuarios que ya sean clientes de la entidad, la informaci\u00f3n recabada con las Cookies servir\u00e1 tambi\u00e9n para su identificaci\u00f3n al acceder a las diferentes herramientas que la entidad pone a su disposici\u00f3n para la gesti\u00f3n de los servicios.  <\/p><p> <\/p><p>La presente Pol\u00edtica de Cookies ser\u00e1 de aplicaci\u00f3n a aquellos usuarios que voluntariamente visitan las p\u00e1ginas web de la entidad, rellenan formularios de recogida de datos, accedan a las herramientas que la entidad pone a disposici\u00f3n de sus clientes para gestionar sus servicios, o utilizan cualquier otro servicio presente en el sitio web que implique la comunicaci\u00f3n de datos a la entidad,  o el acceso a datos para la entidad, para la prestaci\u00f3n de sus servicios. La entidad informa a los usuarios de sus p\u00e1ginas web, de la existencia de las Cookies y pone a su disposici\u00f3n esta Pol\u00edtica de Cookies con la finalidad de informar respecto de su uso y objeto de las mismas. <\/p><p> <\/p><div><div class=\"CookieDeclaration\" dir=\"ltr\" lang=\"ca\"><p class=\"CookieDeclarationDialogText\">Este sitio web utiliza cookies. Utilizamos galletas para personalizar el contenido y los anuncios, ofrecer funciones de medios sociales y analizar el tr\u00e1nsito del sitio. Tambi\u00e9n compartimos la informaci\u00f3n sobre c\u00f3mo usamos nuestro sitio con los partners de medios sociales, de publicidad y de an\u00e1lisis con los que colaboramos. A su vez, ellos pueden combinarla con otros datos que les hayamos proporcionado o hayan recopilado a partir del uso que hab\u00e9is hecho de sus servicios.   <\/p><p> <\/p><p class=\"CookieDeclarationIntro\">Las cookies son peque\u00f1os archivos de texto que los sitios web pueden utilizar para que el usuario pueda hacer un uso m\u00e1s eficiente.<br><br>La ley establece que podemos almacenar cookies en vuestro dispositivo si son estrictamente necesarias para el funcionamiento de este sitio. Para todos los dem\u00e1s tipos de cookies nos hace falta vuestro permiso. <\/p><p class=\"CookieDeclarationIntro\"><br><br>Este sitio web utiliza diferentes tipos de cookies. En alguna ocasi\u00f3n, las cookies que aparecen en nuestras p\u00e1ginas provienen de servicios de terceros. <br><br>En cualquier momento, usted podr\u00e1 cambiar o retirar su consentimiento de la Declaraci\u00f3n sobre uso de cookies en nuestro sitio web.<br><br>Puede obtener m\u00e1s informaci\u00f3n sobre nosotros, sobre c\u00f3mo contactarnos y sobre nuestra forma de procesar fechas personales en nuestra Pol\u00edtica de privacidad.<br><br>Si os gusta, en el momento de contactar con nosotros en relaci\u00f3n a vuestro consentimiento, hac\u00e9is constar la identificaci\u00f3n y la fecha.<\/p><p>Vuestro consentimiento se aplica a los siguientes dominios: www.miguelcarpintero.com<\/p><div id=\"CookieDeclarationUserStatusPanel\" data-responsemode=\"leveloptin\" data-dialogtemplate=\"slideup-v2_white\"><div id=\"CookieDeclarationUserStatusLabel\"><div id=\"CookieDeclarationUserStatusLabelOff\">Vuestro estado actual: Deniega.  <\/div><p id=\"CookieDeclarationConsentIdAndDate\">Vuestro consentimiento de <span id=\"CookieDeclarationUserStatusLabelConsentId\">identificaci\u00f3n : BOKY2nTMYPUJPsCpZ+xtHOOt+RRYFJwC3VL9q7b+AiGSvCIiae3zzQ==<\/span>Fecha de consentimiento: <span id=\"CookieDeclarationUserStatusLabelConsentDate\">viernes, 13 de febrero del 2026, a las 12:37:56 CET<\/span><\/p><\/div><div id=\"CookieDeclarationChangeConsent\"><a id=\"CookieDeclarationChangeConsentChange\" href=\"https:\/\/www.miguelcarpintero.com\/politica-de-cookies#\">Cambiar vuestro consentimiento<\/a><\/div><\/div><br><p class=\"CookieDeclarationLastUpdated\">Declaraci\u00f3n de cookies actualizada por \u00faltima vez el 6\/28\/23 por <a title=\"Cookiebot\" href=\"https:\/\/www.cookiebot.com\/\" target=\"_blank\" rel=\"noopener\">Cookiebot<\/a>:<\/p><div class=\"CookieDeclarationType\" dir=\"ltr\" lang=\"ca\"><p class=\"CookieDeclarationTypeHeader\">Requerimientos (7)<\/p><p class=\"CookieDeclarationTypeDescription\">Las cookies necesarias ayudan a hacer los sitios web m\u00e1s accesibles y permiten las funciones b\u00e1sicas como la navegaci\u00f3n o el acceso a las \u00e1reas seguras del sitio web. El sitio web no puede funcionar sin estas cookies. <\/p><table class=\"CookieDeclarationTable\"><colgroup><col><col><col><col><col><\/colgroup><thead><tr><th class=\"CookieDeclarationTableHeader\" dir=\"ltr\" scope=\"col\">Nombre<\/th><th class=\"CookieDeclarationTableHeader\" dir=\"ltr\" scope=\"col\">Proveedor<\/th><th class=\"CookieDeclarationTableHeader\" dir=\"ltr\" scope=\"col\">Prop\u00f3sito<\/th><th class=\"CookieDeclarationTableHeader\" dir=\"ltr\" scope=\"col\">Duraci\u00f3n m\u00e1xima del almacenamiento<\/th><th class=\"CookieDeclarationTableHeader\" dir=\"ltr\" scope=\"col\">Tipo<\/th><\/tr><\/thead><tbody><tr><td class=\"CookieDeclarationTableCell\">__cf_bm<\/td><td class=\"CookieDeclarationTableCell\"><a title=\"pol\u00edtica de privacidad de Vimeo\" href=\"https:\/\/vimeo.com\/privacy\" target=\"_blank\" rel=\"noopener noreferrer nofollow\">Vimeo<\/a><\/td><td class=\"CookieDeclarationTableCell\">This cookie is used to distinguish between humans and bots. This is beneficial for the website, in order to make valid reports on the use of their website. <\/td><td class=\"CookieDeclarationTableCell\">1 d\u00eda<\/td><td class=\"CookieDeclarationTableCell\">Cookie HTTP<\/td><\/tr><tr><td class=\"CookieDeclarationTableCell\">CookieConsent<\/td><td class=\"CookieDeclarationTableCell\"><a title=\"pol\u00edtica de privacidad de Cookiebot\" href=\"https:\/\/www.cookiebot.com\/goto\/privacy-policy\/\" target=\"_blank\" rel=\"noopener noreferrer nofollow\">Cookiebot<\/a><\/td><td class=\"CookieDeclarationTableCell\">Stores the user&#8217;s cookie consent state for the current domain<\/td><td class=\"CookieDeclarationTableCell\">1 anys<\/td><td class=\"CookieDeclarationTableCell\">Cookie HTTP<\/td><\/tr><tr><td class=\"CookieDeclarationTableCell\">uncodeAI.css<\/td><td class=\"CookieDeclarationTableCell\">miguelcarpintero.com<\/td><td class=\"CookieDeclarationTableCell\">Determines which device is used by the visitor &#8211; This allows the website to adjust to the optimal resolution for that specific device.<\/td><td class=\"CookieDeclarationTableCell\">Sesi\u00f3n<\/td><td class=\"CookieDeclarationTableCell\">Cookie HTTP<\/td><\/tr><tr><td class=\"CookieDeclarationTableCell\">uncodeAI.images<\/td><td class=\"CookieDeclarationTableCell\">miguelcarpintero.com<\/td><td class=\"CookieDeclarationTableCell\">Determines which device is used by the visitor &#8211; This allows the website to adjust to the optimal resolution for that specific device.<\/td><td class=\"CookieDeclarationTableCell\">Sesi\u00f3n<\/td><td class=\"CookieDeclarationTableCell\">Cookie HTTP<\/td><\/tr><tr><td class=\"CookieDeclarationTableCell\">uncodeAI.screen<\/td><td class=\"CookieDeclarationTableCell\">miguelcarpintero.com<\/td><td class=\"CookieDeclarationTableCell\">Determines which device is used by the visitor &#8211; This allows the website to adjust to the optimal resolution for that specific device.<\/td><td class=\"CookieDeclarationTableCell\">Sesi\u00f3n<\/td><td class=\"CookieDeclarationTableCell\">Cookie HTTP<\/td><\/tr><tr><td class=\"CookieDeclarationTableCell\">webp_lossless_supported<\/td><td class=\"CookieDeclarationTableCell\">miguelcarpintero.com<\/td><td class=\"CookieDeclarationTableCell\">Used to implement WebP format pictures onto the website.<\/td><td class=\"CookieDeclarationTableCell\">Permanente<\/td><td class=\"CookieDeclarationTableCell\">Almacenamiento Local HTML<\/td><\/tr><tr><td class=\"CookieDeclarationTableCell\">webp_lossy_supported<\/td><td class=\"CookieDeclarationTableCell\">miguelcarpintero.com<\/td><td class=\"CookieDeclarationTableCell\">Used to implement WebP format pictures onto the website.<\/td><td class=\"CookieDeclarationTableCell\">Permanente<\/td><td class=\"CookieDeclarationTableCell\">Almacenamiento Local HTML<\/td><\/tr><\/tbody><\/table><\/div><\/div><\/div>\t\t\t\t\t\t\t\t<\/div>\n\t\t\t\t\t<\/div>\n\t\t\t\t<\/div>\n\t\t\t\t<\/div>\n\t\t","protected":false},"excerpt":{"rendered":"<p>Pol\u00edtica de cookies MIGUEL CARPINTERO SL, mediante el presente documento, recoge su Pol\u00edtica de Recogida y Tratamiento de Cookies, en cumplimiento de lo dispuesto en el art\u00edculo 22.2 de la Ley 34\/2002, de 11 de julio, de Servicios de la Sociedad y de la Informaci\u00f3n y de Comercio Electr\u00f3nico (LSSICE). Las Cookies se almacenan en [&hellip;]<\/p>\n","protected":false},"author":1,"featured_media":0,"parent":0,"menu_order":0,"comment_status":"closed","ping_status":"closed","template":"","meta":{"_joinchat":[],"footnotes":""},"class_list":["post-2157","page","type-page","status-publish","hentry"],"_links":{"self":[{"href":"https:\/\/miguelcarpintero.com\/es\/wp-json\/wp\/v2\/pages\/2157","targetHints":{"allow":["GET"]}}],"collection":[{"href":"https:\/\/miguelcarpintero.com\/es\/wp-json\/wp\/v2\/pages"}],"about":[{"href":"https:\/\/miguelcarpintero.com\/es\/wp-json\/wp\/v2\/types\/page"}],"author":[{"embeddable":true,"href":"https:\/\/miguelcarpintero.com\/es\/wp-json\/wp\/v2\/users\/1"}],"replies":[{"embeddable":true,"href":"https:\/\/miguelcarpintero.com\/es\/wp-json\/wp\/v2\/comments?post=2157"}],"version-history":[{"count":1,"href":"https:\/\/miguelcarpintero.com\/es\/wp-json\/wp\/v2\/pages\/2157\/revisions"}],"predecessor-version":[{"id":2159,"href":"https:\/\/miguelcarpintero.com\/es\/wp-json\/wp\/v2\/pages\/2157\/revisions\/2159"}],"wp:attachment":[{"href":"https:\/\/miguelcarpintero.com\/es\/wp-json\/wp\/v2\/media?parent=2157"}],"curies":[{"name":"wp","href":"https:\/\/api.w.org\/{rel}","templated":true}]}}