{"id":2164,"date":"2026-04-17T08:18:15","date_gmt":"2026-04-17T08:18:15","guid":{"rendered":"https:\/\/miguelcarpintero.com\/politica-de-privacidad\/"},"modified":"2026-04-17T08:25:17","modified_gmt":"2026-04-17T08:25:17","slug":"politica-de-privacidad","status":"publish","type":"page","link":"https:\/\/miguelcarpintero.com\/es\/politica-de-privacidad\/","title":{"rendered":"Pol\u00edtica de Privacidad"},"content":{"rendered":"\t\t<div data-elementor-type=\"wp-page\" data-elementor-id=\"2164\" class=\"elementor elementor-2164 elementor-2134\">\n\t\t\t\t<div class=\"elementor-element elementor-element-47a7dce e-flex e-con-boxed e-con e-parent\" data-id=\"47a7dce\" data-element_type=\"container\" data-e-type=\"container\" data-settings=\"{&quot;background_background&quot;:&quot;classic&quot;}\">\n\t\t\t\t\t<div class=\"e-con-inner\">\n\t\t\t\t<div class=\"elementor-element elementor-element-900aa7a elementor-widget elementor-widget-heading\" data-id=\"900aa7a\" data-element_type=\"widget\" data-e-type=\"widget\" data-widget_type=\"heading.default\">\n\t\t\t\t\t<h1 class=\"elementor-heading-title elementor-size-default\">Pol\u00edtica de Privacidad<\/h1>\t\t\t\t<\/div>\n\t\t\t\t\t<\/div>\n\t\t\t\t<\/div>\n\t\t<div class=\"elementor-element elementor-element-3cbcd1f e-flex e-con-boxed e-con e-parent\" data-id=\"3cbcd1f\" data-element_type=\"container\" data-e-type=\"container\">\n\t\t\t\t\t<div class=\"e-con-inner\">\n\t\t\t\t<div class=\"elementor-element elementor-element-ac7bb4a elementor-widget elementor-widget-text-editor\" data-id=\"ac7bb4a\" data-element_type=\"widget\" data-e-type=\"widget\" data-widget_type=\"text-editor.default\">\n\t\t\t\t\t\t\t\t\t<p>A trav\u00e9s de este sitio web no se recogen datos de car\u00e1cter personal de los usuarios sin su conocimiento, ni se ceden a terceros. Para conocer nuestra pol\u00edtica de cookies, utilizadas para recoger informaci\u00f3n de los usuarios, le agradecemos el apartado Pol\u00edtica de galletas de nuestra p\u00e1gina web. Informaci\u00f3n b\u00e1sica sobre protecci\u00f3n de datos A continuaci\u00f3n os informamos sobre la pol\u00edtica de protecci\u00f3n de datos de MIGUEL CARPINTERO SL  <\/p><p> <\/p><p><strong>\u00bfQui\u00e9n es el responsable del tratamiento?<\/strong><br>Los datos de car\u00e1cter personal que se puedan solicitar directamente del interesado ser\u00e1n tratados de forma confidencial y quedar\u00e1n incorporados a la correspondiente actividad de tratamiento titularidad de MIGUEL CARPINTERO SL<\/p><p> <\/p><p><strong>\u00bfC\u00f3mo obtenemos sus datos personales?<\/strong><br>Recogimos sus datos personales en diferentes ocasiones: \u2022 Cada vez que contacta directamente con nosotros, por ejemplo a trav\u00e9s del apartado contacto o cualquier otro apartado en el que llene un cuestionario de la web. o a trav\u00e9s de las l\u00edneas de atenci\u00f3n telef\u00f3nica a clientes, para solicitar informaci\u00f3n sobre nuestros productos y servicios. \u2022 Cuando usted compra o contrata directamente con nosotros un producto o servicio. \u2022 Cuando usted participa en nuestras campa\u00f1as de marketing directo, por ejemplo aceptando el env\u00edo de nuestro Newsletter o participando en alguna promoci\u00f3n a trav\u00e9s de nuestras webs que requiere que usted complete un formulario on-line con sus datos personales. Los productos y servicios de MIGUEL CARPINTERO SL as\u00ed como sus campa\u00f1as promocionales, est\u00e1n dirigidos y pensados mayoritariamente para adultos. En este sentido, s\u00f3lo recogeremos y trataremos sus datos personales si usted tiene, al menos, 16 a\u00f1os. MIGUEL CARPINTERO SL, se reserva la posibilidad de realizar verificaciones de la edad de las personas que le facilitan datos personales. Cualquier dato de un menor de 16 a\u00f1os, ser\u00e1 eliminado. Le agradecer\u00edamos que nos ayudara a mantener actualizados sus datos personales inform\u00e1ndonos de cualquier cambio en sus datos de contacto o sus preferencias.        <\/p><p> <\/p><p><strong>\u00bfQu\u00e9 informaci\u00f3n podemos obtener sobre usted?<\/strong><br>A trav\u00e9s de los diferentes servicios y canales de contacto descritos en esta Pol\u00edtica de Privacidad, se pueden solicitar los siguientes tipos de datos sobre ti dependiendo de su relaci\u00f3n con el Responsable dl Tratamiento: \u2022 Clientes y usuarios: Datos identificativos y de contacto: nombre, direcci\u00f3n, n\u00fameros de tel\u00e9fono, correo electr\u00f3nico. Datos econ\u00f3micos: n\u00ba de cuenta bancaria \/ n\u00ba de tarjeta de cr\u00e9dito. \u2022 Empleados: Datos identificativos y de contacto: nombre, direcci\u00f3n, n\u00fameros de tel\u00e9fono, correo PROTECDATUS CONSULTORS, SL Telf: 872 20 21 31 GIRONA \u2013 Versi\u00f3n: 1 Fecha: 28\/01\/2022 Pol\u00edtica de Privacidad RGPD \u2013 P\u00e1g. 4 MIGUEL CARPINTERO SL electr\u00f3nico. Datos econ\u00f3micos: n\u00ba de cuenta bancaria. Datos acad\u00e9micos y profesionales. Estudios cursados y titulaciones. Datos del empleo y de la Seguridad Social. Caracter\u00edsticas personales: estado civil, fecha y lugar de nacimiento, edad, sexo, nacionalidad y porcentaje de minusval\u00eda. \u2022 Solicitantes: Datos identificativos y de contacto: nombre, direcci\u00f3n, n\u00fameros de tel\u00e9fono, correo electr\u00f3nico. Datos acad\u00e9micos y profesionales. Estudios cursados y titulaciones. Datos del empleo y de la Seguridad Social. Caracter\u00edsticas personales: estado civil, fecha y lugar de nacimiento, edad, sexo, nacionalidad y porcentaje de minusval\u00eda.             <\/p><p> <\/p><p><strong>\u00bfCon qu\u00e9 Finalidades tratamos sus datos personales?<\/strong><br>Por su condici\u00f3n de usuario de la web, trataremos los datos personales que nos proporcione con la finalidad de atender la consulta que nos haya efectuado y proporcionarle informaci\u00f3n comercial de productos y servicios de la empresa. Por su condici\u00f3n de suscriptor de nuestro Newsletter, trataremos los daros personales que nos proporcione con la finalidad de enviar nuestras comunicaciones comerciales puntualmente. Por su condici\u00f3n de cliente trataremos sus datos para prestarle el servicio solicitado y la gesti\u00f3n administrativa y comercial de nuestra cartera de clientes. Por su condici\u00f3n de Empleado trataremos sus datos para realizar todos los tr\u00e1mites necesarios derivados de nuestra relaci\u00f3n laboral: Gesti\u00f3n del personal. Contratos. Documentaci\u00f3n fiscal. Tramitaci\u00f3n de despidos, expedientes reguladores e incluso la muerte de los empleados. Expediente personal. Control horario. Formaci\u00f3n. Planes de pensiones. Acci\u00f3n social. Prevenci\u00f3n de riesgos laborales. Emisi\u00f3n de la n\u00f3mina del personal. Gesti\u00f3n de la actividad sindical si procede. Por su condici\u00f3n de Solicitante los datos proporcionados ser\u00e1n tratados \u00fanicamente para los procesos de selecci\u00f3n de personal presentes o futuros realizados por la empresa.               <\/p><p> <\/p><p><strong>\u00bfCu\u00e1l es la Legitimaci\u00f3n para el tratamiento de sus datos?<\/strong><br>Usuarios y miembros: RGPD Art\u00edculo 6.1.a) consentimiento del interesado para el tratamiento de sus datos personales para uno o varios fines espec\u00edficos. Clientes: RGPD Art\u00edculo 6.1. b) el tratamiento es necesario para la ejecuci\u00f3n de un contrato en el que el interesado es parte, o para la aplicaci\u00f3n a petici\u00f3n del mismo de medidas pre-contractuales &#8230; RGPD Art\u00edculo 6.1.a) consentimiento del interesado para el tratamiento de sus datos personales para uno o varios fines espec\u00edficos. Empleados: RGPD Art\u00edculo 6.1.b) el tratamiento es necesario para la ejecuci\u00f3n de un contrato en el que el interesado es parte. RGPD Art\u00edculo 6.1.c) el tratamiento es necesario para el cumplimiento de una obligaci\u00f3n legal aplicable al responsable del tratamiento. Solicitantes: RGPD Art\u00edculo 6.1.c) el tratamiento es necesario para el cumplimiento de una obligaci\u00f3n legal aplicable al responsable del tratamiento. Para las otras actividades de tratamiento que puedan no aparecer en esta pol\u00edtica de privacidad, rogamos contacte con el Responsable del Tratamiento para pedir m\u00e1s informaci\u00f3n. PROTECDATUS CONSULTORS, SL Telf: 872 20 21 31 GIRONA \u2013 Versi\u00f3n: 1 Fecha: 28\/01\/2022 Pol\u00edtica de Privacidad RGPD \u2013 P\u00e1g. 5 MIGUEL CARPINTERO SL<\/p><p> <\/p><p><strong>\u00bfDurante cu\u00e1nto tiempo conservaremos sus datos?<\/strong><br>Los datos personales proporcionados se conservar\u00e1n durante el tiempo necesario para cumplir con la finalidad para la que se recogen y para determinar las posibles responsabilidades que se puedan derivar de la finalidad, adem\u00e1s de los periodos establecidos en la normativa de archivos y documentaci\u00f3n.<\/p><p><strong>\u00bfA qui\u00e9n comunicaremos sus datos?<\/strong><br>Con car\u00e1cter general no se comunicar\u00e1n los datos personales a terceros, excepto obligaci\u00f3n legal, entre las que pueden estar las comunicaciones a organizaciones directamente relacionadas con el responsable (Asesor\u00eda fiscal, laboral y contable. Entidades financieras. Agencia Estatal de Administraci\u00f3n Tributaria. Empresas de formaci\u00f3n . Entidad a quien se encomiende la gesti\u00f3n en materia de riesgos laborales. Instituto Nacional de la Seguridad Social. Tesorer\u00eda General de la Seguridad Social. Organizaciones sindicales. Empresas encargadas de marketing y publicidad. Empresas de Selecci\u00f3n de personal). Fuerzas y cuerpos de seguridad del Estado, \u00f3rganos judiciales, Ministerio Fiscal. Aunque en las transmisiones de datos a trav\u00e9s de internet o desde una web no es posible garantizar una protecci\u00f3n absoluta contra intrusiones, nos esforzamos al m\u00e1ximo en mantener las medidas de protecci\u00f3n f\u00edsica, electr\u00f3nica y procedimental necesarias para garantizar la protecci\u00f3n de su informaci\u00f3n de acuerdo con las exigencias aplicables en materia de protecci\u00f3n de datos. Todas las tuyas se guardan en un lugar seguro (o copias f\u00edsicas seguras) de nuestra propiedad o nuestros encargados del tratamiento, y para acceder a ellos y utilizarlos se aplican nuestros criterios y pol\u00edticas de seguridad (u otros equivalentes de nuestros encargados de tratamiento).   <\/p><p> <\/p><p><strong>\u00bfHacemos Transferencias<\/strong><strong> internacionales de datos?<\/strong><br>MIGUEL CARPINTERO SL no tiene previstas las transferencias internacionales de datos. \u00bfC\u00f3mo mantenemos protegidos sus datos? Para garantizar la protecci\u00f3n y mantener la seguridad, integridad y disponibilidad de los datos, utilizamos diversas medidas de seguridad. Aunque en las transmisiones de datos a trav\u00e9s de internet o desde una web no es posible garantizar una protecci\u00f3n absoluta contra intrusiones, tanto nosotros como nuestros encargados del tratamiento, dedicamos los m\u00e1ximos esfuerzos para mantener las medidas de protecci\u00f3n f\u00edsica, electr\u00f3nica y procedimental con las que garantizar la protecci\u00f3n de sus datos de acuerdo con las exigencias legales aplicables en esta materia. Entre las medidas que utilizamos se incluyen las siguientes: \u2022 limitar el acceso a sus datos \u00fanicamente a aquellas personas que deban conocerlos en atenci\u00f3n a las tareas que realizan; \u2022 como regla general transferir en formato cifrado los datos recogidos; \u2022 almacenar los datos m\u00e1s sensibles (como los datos bancarios) s\u00f3lo en formato cifrado; \u2022 instalar sistemas de protecci\u00f3n perimetral de las infraestructuras inform\u00e1ticas (tallafuegos) para impedir accesos no autorizados, por ejemplo hackers, y PROTECDATUS CONSULTORS, SL Telf: 872 20 21 31 GIRONA \u2013 Versi\u00f3n: 1 Fecha: 28\/01\/2022 Pol\u00edtica de Privacidad RGPD \u2013 P\u00e1g. 6 MIGUEL CARPINTERO SL \u2022 monitorizar habitualmente los accesos a los sistemas inform\u00e1ticos para detectar y detener cualquier uso indebido de los datos de car\u00e1cter personal. En aquellos casos en que le hayamos facilitado (o usted haya elegido) una contrase\u00f1a que le permita acceder a determinadas partes de nuestras webs o de cualquier otro portal, aplicaci\u00f3n o servicio bajo nuestro control, es usted responsable de mantenerla en secreto y de cumplir todos los dem\u00e1s procedimientos de seguridad que le notificamos. No podr\u00e1 compartir su contrase\u00f1a con nadie.       <\/p><p><strong>\u00bfQu\u00e9 Derechos pueden ejercer los interesados?<\/strong><br>Cualquier persona tiene derecho a obtener confirmaci\u00f3n sobre los tratamientos que de sus datos que se llevan a cabo por MIGUEL CARPINTERO SL Puede ejercer sus derechos de acceso, rectificaci\u00f3n, supresi\u00f3n y portabilidad de sus datos, de limitaci\u00f3n y oposici\u00f3n a su tratamiento, as\u00ed como a no ser objeto de decisiones basadas \u00fanicamente en el tratamiento automatizado de sus datos,  ia retirar el consentimiento prestado, ante MIGUEL CARPINTERO SL. B17033598. C\/ Viladesau, 7 \u2013 17481 \u2013 Sant Juli\u00e0 de Ramis \u2013 GIRONA. O bien dirigir un e-mail a info@miguelcarpintero.com, indicando en el asunto \u00abProtecci\u00f3n de datos\u00bb. Adem\u00e1s, el interesado puede dirigirse a la Autoridad de Control en materia de protecci\u00f3n de datos competente para obtener informaci\u00f3n adicional o presentar una reclamaci\u00f3n.<\/p>\t\t\t\t\t\t\t\t<\/div>\n\t\t\t\t\t<\/div>\n\t\t\t\t<\/div>\n\t\t\t\t<\/div>\n\t\t","protected":false},"excerpt":{"rendered":"<p>Pol\u00edtica de Privacidad A trav\u00e9s de este sitio web no se recogen datos de car\u00e1cter personal de los usuarios sin su conocimiento, ni se ceden a terceros. Para conocer nuestra pol\u00edtica de cookies, utilizadas para recoger informaci\u00f3n de los usuarios, le agradecemos el apartado Pol\u00edtica de galletas de nuestra p\u00e1gina web. Informaci\u00f3n b\u00e1sica sobre protecci\u00f3n [&hellip;]<\/p>\n","protected":false},"author":1,"featured_media":0,"parent":0,"menu_order":0,"comment_status":"closed","ping_status":"closed","template":"","meta":{"_joinchat":[],"footnotes":""},"class_list":["post-2164","page","type-page","status-publish","hentry"],"_links":{"self":[{"href":"https:\/\/miguelcarpintero.com\/es\/wp-json\/wp\/v2\/pages\/2164","targetHints":{"allow":["GET"]}}],"collection":[{"href":"https:\/\/miguelcarpintero.com\/es\/wp-json\/wp\/v2\/pages"}],"about":[{"href":"https:\/\/miguelcarpintero.com\/es\/wp-json\/wp\/v2\/types\/page"}],"author":[{"embeddable":true,"href":"https:\/\/miguelcarpintero.com\/es\/wp-json\/wp\/v2\/users\/1"}],"replies":[{"embeddable":true,"href":"https:\/\/miguelcarpintero.com\/es\/wp-json\/wp\/v2\/comments?post=2164"}],"version-history":[{"count":1,"href":"https:\/\/miguelcarpintero.com\/es\/wp-json\/wp\/v2\/pages\/2164\/revisions"}],"predecessor-version":[{"id":2165,"href":"https:\/\/miguelcarpintero.com\/es\/wp-json\/wp\/v2\/pages\/2164\/revisions\/2165"}],"wp:attachment":[{"href":"https:\/\/miguelcarpintero.com\/es\/wp-json\/wp\/v2\/media?parent=2164"}],"curies":[{"name":"wp","href":"https:\/\/api.w.org\/{rel}","templated":true}]}}