{"id":1709,"date":"2026-02-17T14:14:43","date_gmt":"2026-02-17T14:14:43","guid":{"rendered":"https:\/\/miguelcarpintero.com\/laques\/"},"modified":"2026-04-27T10:53:18","modified_gmt":"2026-04-27T10:53:18","slug":"laques","status":"publish","type":"page","link":"https:\/\/miguelcarpintero.com\/fr\/domaines-dactivite\/laques\/","title":{"rendered":"Laques"},"content":{"rendered":"\t\t<div data-elementor-type=\"wp-page\" data-elementor-id=\"1709\" class=\"elementor elementor-1709 elementor-23\">\n\t\t\t\t<div class=\"elementor-element elementor-element-0fc6b94 e-con-full e-flex e-con e-parent\" data-id=\"0fc6b94\" data-element_type=\"container\" data-e-type=\"container\">\n\t\t<div class=\"elementor-element elementor-element-379438a e-con-full e-flex e-con e-child\" data-id=\"379438a\" data-element_type=\"container\" data-e-type=\"container\" data-settings=\"{&quot;background_background&quot;:&quot;classic&quot;}\">\n\t\t\t\t<\/div>\n\t\t<div class=\"elementor-element elementor-element-8507442 e-con-full e-flex e-con e-child\" data-id=\"8507442\" data-element_type=\"container\" data-e-type=\"container\" data-settings=\"{&quot;background_background&quot;:&quot;classic&quot;}\">\n\t\t\t\t<div class=\"elementor-element elementor-element-05e4a08 elementor-widget elementor-widget-heading\" data-id=\"05e4a08\" data-element_type=\"widget\" data-e-type=\"widget\" data-widget_type=\"heading.default\">\n\t\t\t\t\t<h1 class=\"elementor-heading-title elementor-size-default\">Laques<\/h1>\t\t\t\t<\/div>\n\t\t\t\t<div class=\"elementor-element elementor-element-80287ff elementor-widget-divider--view-line elementor-widget elementor-widget-divider\" data-id=\"80287ff\" data-element_type=\"widget\" data-e-type=\"widget\" data-widget_type=\"divider.default\">\n\t\t\t\t\t\t\t<div class=\"elementor-divider\">\n\t\t\t<span class=\"elementor-divider-separator\">\n\t\t\t\t\t\t<\/span>\n\t\t<\/div>\n\t\t\t\t\t\t<\/div>\n\t\t\t\t<div class=\"elementor-element elementor-element-4c58c65 elementor-widget elementor-widget-heading\" data-id=\"4c58c65\" data-element_type=\"widget\" data-e-type=\"widget\" data-widget_type=\"heading.default\">\n\t\t\t\t\t<h2 class=\"elementor-heading-title elementor-size-default\">DESIGN ET COULEUR<\/h2>\t\t\t\t<\/div>\n\t\t\t\t<div class=\"elementor-element elementor-element-36e9773 elementor-widget elementor-widget-text-editor\" data-id=\"36e9773\" data-element_type=\"widget\" data-e-type=\"widget\" data-widget_type=\"text-editor.default\">\n\t\t\t\t\t\t\t\t\t<p>La laque est une finition essentielle dans notre d\u00e9coration : elle apporte esth\u00e9tique et r\u00e9sistance. <span style=\"color: #ebebf0;\">Nous sommes des experts professionnels<\/span> dans l\u2019application de tous types de vernis, v\u00eatements neufs et anciens. Nous laquons <span style=\"color: #ebebf0;\">tous les types de surfaces<\/span> : bois, aluminium, PVC et verre.<\/p><p> <\/p><p>Nos services s\u2019adressent \u00e0 tous les secteurs : particuliers, professionnels et industriels. Nous disposons de nos <span style=\"color: #ebebf0;\">propres installations<\/span> (un entrep\u00f4t de 845 m\u00b2) \u00e9quip\u00e9es de toutes les machines n\u00e9cessaires, y compris deux stands de peinture. Nous avons la capacit\u00e9 de laquer <span style=\"color: #ebebf0;\">des pi\u00e8ces jusqu\u2019\u00e0 6,5 m de long<\/span> , 3 m de haut et 4 m de large.<\/p>\t\t\t\t\t\t\t\t<\/div>\n\t\t\t\t<\/div>\n\t\t\t\t<\/div>\n\t\t\t\t<\/div>\n\t\t","protected":false},"excerpt":{"rendered":"<p>Laques DESIGN ET COULEUR La laque est une finition essentielle dans notre d\u00e9coration : elle apporte esth\u00e9tique et r\u00e9sistance. Nous sommes des experts professionnels dans l\u2019application de tous types de vernis, v\u00eatements neufs et anciens. Nous laquons tous les types de surfaces : bois, aluminium, PVC et verre. Nos services s\u2019adressent \u00e0 tous les secteurs [&hellip;]<\/p>\n","protected":false},"author":1,"featured_media":0,"parent":2263,"menu_order":0,"comment_status":"closed","ping_status":"closed","template":"","meta":{"_joinchat":[],"footnotes":""},"class_list":["post-1709","page","type-page","status-publish","hentry"],"_links":{"self":[{"href":"https:\/\/miguelcarpintero.com\/fr\/wp-json\/wp\/v2\/pages\/1709","targetHints":{"allow":["GET"]}}],"collection":[{"href":"https:\/\/miguelcarpintero.com\/fr\/wp-json\/wp\/v2\/pages"}],"about":[{"href":"https:\/\/miguelcarpintero.com\/fr\/wp-json\/wp\/v2\/types\/page"}],"author":[{"embeddable":true,"href":"https:\/\/miguelcarpintero.com\/fr\/wp-json\/wp\/v2\/users\/1"}],"replies":[{"embeddable":true,"href":"https:\/\/miguelcarpintero.com\/fr\/wp-json\/wp\/v2\/comments?post=1709"}],"version-history":[{"count":1,"href":"https:\/\/miguelcarpintero.com\/fr\/wp-json\/wp\/v2\/pages\/1709\/revisions"}],"predecessor-version":[{"id":1714,"href":"https:\/\/miguelcarpintero.com\/fr\/wp-json\/wp\/v2\/pages\/1709\/revisions\/1714"}],"up":[{"embeddable":true,"href":"https:\/\/miguelcarpintero.com\/fr\/wp-json\/wp\/v2\/pages\/2263"}],"wp:attachment":[{"href":"https:\/\/miguelcarpintero.com\/fr\/wp-json\/wp\/v2\/media?parent=1709"}],"curies":[{"name":"wp","href":"https:\/\/api.w.org\/{rel}","templated":true}]}}