{"id":1839,"date":"2026-02-17T14:14:36","date_gmt":"2026-02-17T14:14:36","guid":{"rendered":"https:\/\/miguelcarpintero.com\/industriel\/"},"modified":"2026-04-27T10:13:49","modified_gmt":"2026-04-27T10:13:49","slug":"industriel","status":"publish","type":"page","link":"https:\/\/miguelcarpintero.com\/fr\/domaines-dactivite\/industriel\/","title":{"rendered":"Industriel"},"content":{"rendered":"\t\t<div data-elementor-type=\"wp-page\" data-elementor-id=\"1839\" class=\"elementor elementor-1839 elementor-21\">\n\t\t\t\t<div class=\"elementor-element elementor-element-f22b1a8 e-con-full e-flex e-con e-parent\" data-id=\"f22b1a8\" data-element_type=\"container\" data-e-type=\"container\">\n\t\t<div class=\"elementor-element elementor-element-8fbd25c e-con-full e-flex e-con e-child\" data-id=\"8fbd25c\" data-element_type=\"container\" data-e-type=\"container\" data-settings=\"{&quot;background_background&quot;:&quot;classic&quot;}\">\n\t\t\t\t<\/div>\n\t\t<div class=\"elementor-element elementor-element-311dec1 e-con-full e-flex e-con e-child\" data-id=\"311dec1\" data-element_type=\"container\" data-e-type=\"container\" data-settings=\"{&quot;background_background&quot;:&quot;classic&quot;}\">\n\t\t\t\t<div class=\"elementor-element elementor-element-3ed1dec elementor-widget elementor-widget-heading\" data-id=\"3ed1dec\" data-element_type=\"widget\" data-e-type=\"widget\" data-widget_type=\"heading.default\">\n\t\t\t\t\t<h1 class=\"elementor-heading-title elementor-size-default\">Industriel<\/h1>\t\t\t\t<\/div>\n\t\t\t\t<div class=\"elementor-element elementor-element-6b40424 elementor-widget-divider--view-line elementor-widget elementor-widget-divider\" data-id=\"6b40424\" data-element_type=\"widget\" data-e-type=\"widget\" data-widget_type=\"divider.default\">\n\t\t\t\t\t\t\t<div class=\"elementor-divider\">\n\t\t\t<span class=\"elementor-divider-separator\">\n\t\t\t\t\t\t<\/span>\n\t\t<\/div>\n\t\t\t\t\t\t<\/div>\n\t\t\t\t<div class=\"elementor-element elementor-element-b001ad0 elementor-widget elementor-widget-heading\" data-id=\"b001ad0\" data-element_type=\"widget\" data-e-type=\"widget\" data-widget_type=\"heading.default\">\n\t\t\t\t\t<h2 class=\"elementor-heading-title elementor-size-default\">FORMALIT\u00c9 ET EFFICACIT\u00c9<\/h2>\t\t\t\t<\/div>\n\t\t\t\t<div class=\"elementor-element elementor-element-2ed216e elementor-widget elementor-widget-text-editor\" data-id=\"2ed216e\" data-element_type=\"widget\" data-e-type=\"widget\" data-widget_type=\"text-editor.default\">\n\t\t\t\t\t\t\t\t\t<p>Le secteur industriel a des besoins prioritaires ; Pour cette raison, nous acc\u00e9l\u00e9rons et garantissons <span style=\"color: #ebebf0;\">le strict respect des d\u00e9lais d\u2019ex\u00e9cution<\/span> en coordonnant tous les processus et agents impliqu\u00e9s dans le projet, afin d\u2019offrir la plus haute qualit\u00e9 dans son ex\u00e9cution.<\/p><p> <\/p><p>Nous r\u00e9alisons toutes sortes de projets : r\u00e9novations de salles de bains, cuisines, maisons et locaux commerciaux, r\u00e9formes industrielles ainsi que <span style=\"color: #ebebf0;\">l\u2019adaptation et la modernisation de tout espace<\/span>, r\u00e9pondant aux exigences et besoins du client.<\/p><p> <\/p><p>Nous proposons un service de <span style=\"color: #ebebf0;\">solutions compl\u00e8tes<\/span> qui garantissent la conservation de vos propri\u00e9t\u00e9s ou installations industrielles de mani\u00e8re <span style=\"color: #ebebf0;\">efficace et durable<\/span>.<\/p><p> <\/p><p>Les avanc\u00e9es r\u00e9alis\u00e9es ces derni\u00e8res ann\u00e9es dans le secteur de la construction, en termes de mat\u00e9riaux, de techniques d\u2019application et de formation des professionnels, <span style=\"color: #ebebf0;\">soutiennent notre syst\u00e8me de travail<\/span>.<\/p>\t\t\t\t\t\t\t\t<\/div>\n\t\t\t\t<\/div>\n\t\t\t\t<\/div>\n\t\t\t\t<\/div>\n\t\t","protected":false},"excerpt":{"rendered":"<p>Industriel FORMALIT\u00c9 ET EFFICACIT\u00c9 Le secteur industriel a des besoins prioritaires ; Pour cette raison, nous acc\u00e9l\u00e9rons et garantissons le strict respect des d\u00e9lais d\u2019ex\u00e9cution en coordonnant tous les processus et agents impliqu\u00e9s dans le projet, afin d\u2019offrir la plus haute qualit\u00e9 dans son ex\u00e9cution. Nous r\u00e9alisons toutes sortes de projets : r\u00e9novations de salles [&hellip;]<\/p>\n","protected":false},"author":1,"featured_media":0,"parent":2263,"menu_order":0,"comment_status":"closed","ping_status":"closed","template":"","meta":{"_joinchat":[],"footnotes":""},"class_list":["post-1839","page","type-page","status-publish","hentry"],"_links":{"self":[{"href":"https:\/\/miguelcarpintero.com\/fr\/wp-json\/wp\/v2\/pages\/1839","targetHints":{"allow":["GET"]}}],"collection":[{"href":"https:\/\/miguelcarpintero.com\/fr\/wp-json\/wp\/v2\/pages"}],"about":[{"href":"https:\/\/miguelcarpintero.com\/fr\/wp-json\/wp\/v2\/types\/page"}],"author":[{"embeddable":true,"href":"https:\/\/miguelcarpintero.com\/fr\/wp-json\/wp\/v2\/users\/1"}],"replies":[{"embeddable":true,"href":"https:\/\/miguelcarpintero.com\/fr\/wp-json\/wp\/v2\/comments?post=1839"}],"version-history":[{"count":1,"href":"https:\/\/miguelcarpintero.com\/fr\/wp-json\/wp\/v2\/pages\/1839\/revisions"}],"predecessor-version":[{"id":1841,"href":"https:\/\/miguelcarpintero.com\/fr\/wp-json\/wp\/v2\/pages\/1839\/revisions\/1841"}],"up":[{"embeddable":true,"href":"https:\/\/miguelcarpintero.com\/fr\/wp-json\/wp\/v2\/pages\/2263"}],"wp:attachment":[{"href":"https:\/\/miguelcarpintero.com\/fr\/wp-json\/wp\/v2\/media?parent=1839"}],"curies":[{"name":"wp","href":"https:\/\/api.w.org\/{rel}","templated":true}]}}