{"id":1866,"date":"2026-02-17T14:14:24","date_gmt":"2026-02-17T14:14:24","guid":{"rendered":"https:\/\/miguelcarpintero.com\/batiment\/"},"modified":"2026-04-27T10:12:44","modified_gmt":"2026-04-27T10:12:44","slug":"batiment","status":"publish","type":"page","link":"https:\/\/miguelcarpintero.com\/fr\/domaines-dactivite\/batiment\/","title":{"rendered":"B\u00e2timent"},"content":{"rendered":"\t\t<div data-elementor-type=\"wp-page\" data-elementor-id=\"1866\" class=\"elementor elementor-1866 elementor-19\">\n\t\t\t\t<div class=\"elementor-element elementor-element-e7688fe e-con-full e-flex e-con e-parent\" data-id=\"e7688fe\" data-element_type=\"container\" data-e-type=\"container\">\n\t\t<div class=\"elementor-element elementor-element-942cc71 e-con-full e-flex e-con e-child\" data-id=\"942cc71\" data-element_type=\"container\" data-e-type=\"container\" data-settings=\"{&quot;background_background&quot;:&quot;classic&quot;}\">\n\t\t\t\t<\/div>\n\t\t<div class=\"elementor-element elementor-element-edf2ca9 e-con-full e-flex e-con e-child\" data-id=\"edf2ca9\" data-element_type=\"container\" data-e-type=\"container\" data-settings=\"{&quot;background_background&quot;:&quot;classic&quot;}\">\n\t\t\t\t<div class=\"elementor-element elementor-element-3458ebe elementor-widget elementor-widget-heading\" data-id=\"3458ebe\" data-element_type=\"widget\" data-e-type=\"widget\" data-widget_type=\"heading.default\">\n\t\t\t\t\t<h1 class=\"elementor-heading-title elementor-size-default\">B\u00e2timent<\/h1>\t\t\t\t<\/div>\n\t\t\t\t<div class=\"elementor-element elementor-element-2b6d4b1 elementor-widget-divider--view-line elementor-widget elementor-widget-divider\" data-id=\"2b6d4b1\" data-element_type=\"widget\" data-e-type=\"widget\" data-widget_type=\"divider.default\">\n\t\t\t\t\t\t\t<div class=\"elementor-divider\">\n\t\t\t<span class=\"elementor-divider-separator\">\n\t\t\t\t\t\t<\/span>\n\t\t<\/div>\n\t\t\t\t\t\t<\/div>\n\t\t\t\t<div class=\"elementor-element elementor-element-47ffec9 elementor-widget elementor-widget-heading\" data-id=\"47ffec9\" data-element_type=\"widget\" data-e-type=\"widget\" data-widget_type=\"heading.default\">\n\t\t\t\t\t<h2 class=\"elementor-heading-title elementor-size-default\">QUALIT\u00c9 ET SOLVABILIT\u00c9<\/h2>\t\t\t\t<\/div>\n\t\t\t\t<div class=\"elementor-element elementor-element-21eb4a2 elementor-widget elementor-widget-text-editor\" data-id=\"21eb4a2\" data-element_type=\"widget\" data-e-type=\"widget\" data-widget_type=\"text-editor.default\">\n\t\t\t\t\t\t\t\t\tLe logement est l\u2019une des d\u00e9cisions et investissements les plus importants dans la vie de nombreuses personnes. Nous avons la capacit\u00e9 de transformer chaque projet en <span style=\"color: #ebebf0;\">quelque chose d\u2019unique, d\u2019innovant<\/span>, de durable et <span style=\"color: #ebebf0;\">adapt\u00e9 aux besoins du client<\/span>. \t\t\t\t\t\t\t\t<\/div>\n\t\t\t\t<\/div>\n\t\t\t\t<\/div>\n\t\t\t\t<\/div>\n\t\t","protected":false},"excerpt":{"rendered":"<p>B\u00e2timent QUALIT\u00c9 ET SOLVABILIT\u00c9 Le logement est l\u2019une des d\u00e9cisions et investissements les plus importants dans la vie de nombreuses personnes. Nous avons la capacit\u00e9 de transformer chaque projet en quelque chose d\u2019unique, d\u2019innovant, de durable et adapt\u00e9 aux besoins du client.<\/p>\n","protected":false},"author":1,"featured_media":0,"parent":2263,"menu_order":0,"comment_status":"closed","ping_status":"closed","template":"","meta":{"_joinchat":[],"footnotes":""},"class_list":["post-1866","page","type-page","status-publish","hentry"],"_links":{"self":[{"href":"https:\/\/miguelcarpintero.com\/fr\/wp-json\/wp\/v2\/pages\/1866","targetHints":{"allow":["GET"]}}],"collection":[{"href":"https:\/\/miguelcarpintero.com\/fr\/wp-json\/wp\/v2\/pages"}],"about":[{"href":"https:\/\/miguelcarpintero.com\/fr\/wp-json\/wp\/v2\/types\/page"}],"author":[{"embeddable":true,"href":"https:\/\/miguelcarpintero.com\/fr\/wp-json\/wp\/v2\/users\/1"}],"replies":[{"embeddable":true,"href":"https:\/\/miguelcarpintero.com\/fr\/wp-json\/wp\/v2\/comments?post=1866"}],"version-history":[{"count":1,"href":"https:\/\/miguelcarpintero.com\/fr\/wp-json\/wp\/v2\/pages\/1866\/revisions"}],"predecessor-version":[{"id":1868,"href":"https:\/\/miguelcarpintero.com\/fr\/wp-json\/wp\/v2\/pages\/1866\/revisions\/1868"}],"up":[{"embeddable":true,"href":"https:\/\/miguelcarpintero.com\/fr\/wp-json\/wp\/v2\/pages\/2263"}],"wp:attachment":[{"href":"https:\/\/miguelcarpintero.com\/fr\/wp-json\/wp\/v2\/media?parent=1866"}],"curies":[{"name":"wp","href":"https:\/\/api.w.org\/{rel}","templated":true}]}}