{"id":1901,"date":"2026-02-17T14:14:50","date_gmt":"2026-02-17T14:14:50","guid":{"rendered":"https:\/\/miguelcarpintero.com\/renovations\/"},"modified":"2026-04-27T10:53:59","modified_gmt":"2026-04-27T10:53:59","slug":"renovations","status":"publish","type":"page","link":"https:\/\/miguelcarpintero.com\/fr\/domaines-dactivite\/renovations\/","title":{"rendered":"R\u00e9novations"},"content":{"rendered":"\t\t<div data-elementor-type=\"wp-page\" data-elementor-id=\"1901\" class=\"elementor elementor-1901 elementor-25\">\n\t\t\t\t<div class=\"elementor-element elementor-element-2f812f1 e-con-full e-flex e-con e-parent\" data-id=\"2f812f1\" data-element_type=\"container\" data-e-type=\"container\">\n\t\t<div class=\"elementor-element elementor-element-6dfc44e e-con-full e-flex e-con e-child\" data-id=\"6dfc44e\" data-element_type=\"container\" data-e-type=\"container\" data-settings=\"{&quot;background_background&quot;:&quot;classic&quot;}\">\n\t\t\t\t<\/div>\n\t\t<div class=\"elementor-element elementor-element-f87a097 e-con-full e-flex e-con e-child\" data-id=\"f87a097\" data-element_type=\"container\" data-e-type=\"container\" data-settings=\"{&quot;background_background&quot;:&quot;classic&quot;}\">\n\t\t\t\t<div class=\"elementor-element elementor-element-04eadee elementor-widget elementor-widget-heading\" data-id=\"04eadee\" data-element_type=\"widget\" data-e-type=\"widget\" data-widget_type=\"heading.default\">\n\t\t\t\t\t<h1 class=\"elementor-heading-title elementor-size-default\">R\u00e9novations<\/h1>\t\t\t\t<\/div>\n\t\t\t\t<div class=\"elementor-element elementor-element-d192b18 elementor-widget-divider--view-line elementor-widget elementor-widget-divider\" data-id=\"d192b18\" data-element_type=\"widget\" data-e-type=\"widget\" data-widget_type=\"divider.default\">\n\t\t\t\t\t\t\t<div class=\"elementor-divider\">\n\t\t\t<span class=\"elementor-divider-separator\">\n\t\t\t\t\t\t<\/span>\n\t\t<\/div>\n\t\t\t\t\t\t<\/div>\n\t\t\t\t<div class=\"elementor-element elementor-element-19c4eea elementor-widget elementor-widget-heading\" data-id=\"19c4eea\" data-element_type=\"widget\" data-e-type=\"widget\" data-widget_type=\"heading.default\">\n\t\t\t\t\t<h2 class=\"elementor-heading-title elementor-size-default\">RENDRE LES ESPACES RENTABLES<\/h2>\t\t\t\t<\/div>\n\t\t\t\t<div class=\"elementor-element elementor-element-d782fd1 elementor-widget elementor-widget-text-editor\" data-id=\"d782fd1\" data-element_type=\"widget\" data-e-type=\"widget\" data-widget_type=\"text-editor.default\">\n\t\t\t\t\t\t\t\t\t<div class=\"uncode_text_column\"><div class=\"uncode_text_column\"><p class=\"p1\">Nous r\u00e9alisons toutes <span style=\"color: #ebebf0;\">sortes de projets<\/span>, r\u00e9novations de salle de bain, r\u00e9novations de cuisine,<span class=\"Apple-converted-space\">  <\/span> r\u00e9novations de maisons et de locaux commerciaux, r\u00e9novations dans l\u2019industrie,<span class=\"Apple-converted-space\">  <\/span> ainsi que <span style=\"color: #ebebf0;\">l\u2019adaptation et la modernisation de tout espace<\/span>, r\u00e9pondant aux exigences et besoins du client.<\/p><\/div><\/div>\t\t\t\t\t\t\t\t<\/div>\n\t\t\t\t<\/div>\n\t\t\t\t<\/div>\n\t\t\t\t<\/div>\n\t\t","protected":false},"excerpt":{"rendered":"<p>R\u00e9novations RENDRE LES ESPACES RENTABLES Nous r\u00e9alisons toutes sortes de projets, r\u00e9novations de salle de bain, r\u00e9novations de cuisine, r\u00e9novations de maisons et de locaux commerciaux, r\u00e9novations dans l\u2019industrie, ainsi que l\u2019adaptation et la modernisation de tout espace, r\u00e9pondant aux exigences et besoins du client.<\/p>\n","protected":false},"author":1,"featured_media":0,"parent":2263,"menu_order":0,"comment_status":"closed","ping_status":"closed","template":"","meta":{"_joinchat":[],"footnotes":""},"class_list":["post-1901","page","type-page","status-publish","hentry"],"_links":{"self":[{"href":"https:\/\/miguelcarpintero.com\/fr\/wp-json\/wp\/v2\/pages\/1901","targetHints":{"allow":["GET"]}}],"collection":[{"href":"https:\/\/miguelcarpintero.com\/fr\/wp-json\/wp\/v2\/pages"}],"about":[{"href":"https:\/\/miguelcarpintero.com\/fr\/wp-json\/wp\/v2\/types\/page"}],"author":[{"embeddable":true,"href":"https:\/\/miguelcarpintero.com\/fr\/wp-json\/wp\/v2\/users\/1"}],"replies":[{"embeddable":true,"href":"https:\/\/miguelcarpintero.com\/fr\/wp-json\/wp\/v2\/comments?post=1901"}],"version-history":[{"count":1,"href":"https:\/\/miguelcarpintero.com\/fr\/wp-json\/wp\/v2\/pages\/1901\/revisions"}],"predecessor-version":[{"id":1912,"href":"https:\/\/miguelcarpintero.com\/fr\/wp-json\/wp\/v2\/pages\/1901\/revisions\/1912"}],"up":[{"embeddable":true,"href":"https:\/\/miguelcarpintero.com\/fr\/wp-json\/wp\/v2\/pages\/2263"}],"wp:attachment":[{"href":"https:\/\/miguelcarpintero.com\/fr\/wp-json\/wp\/v2\/media?parent=1901"}],"curies":[{"name":"wp","href":"https:\/\/api.w.org\/{rel}","templated":true}]}}