{"id":1928,"date":"2026-02-17T14:14:57","date_gmt":"2026-02-17T14:14:57","guid":{"rendered":"https:\/\/miguelcarpintero.com\/entretien\/"},"modified":"2026-04-27T10:54:44","modified_gmt":"2026-04-27T10:54:44","slug":"entretien","status":"publish","type":"page","link":"https:\/\/miguelcarpintero.com\/fr\/domaines-dactivite\/entretien\/","title":{"rendered":"Entretien"},"content":{"rendered":"\t\t<div data-elementor-type=\"wp-page\" data-elementor-id=\"1928\" class=\"elementor elementor-1928 elementor-27\">\n\t\t\t\t<div class=\"elementor-element elementor-element-5ee8d99 e-con-full e-flex e-con e-parent\" data-id=\"5ee8d99\" data-element_type=\"container\" data-e-type=\"container\">\n\t\t<div class=\"elementor-element elementor-element-a13980c e-con-full e-flex e-con e-child\" data-id=\"a13980c\" data-element_type=\"container\" data-e-type=\"container\" data-settings=\"{&quot;background_background&quot;:&quot;classic&quot;}\">\n\t\t\t\t<\/div>\n\t\t<div class=\"elementor-element elementor-element-c7a314f e-con-full e-flex e-con e-child\" data-id=\"c7a314f\" data-element_type=\"container\" data-e-type=\"container\" data-settings=\"{&quot;background_background&quot;:&quot;classic&quot;}\">\n\t\t\t\t<div class=\"elementor-element elementor-element-6a8b577 elementor-widget elementor-widget-heading\" data-id=\"6a8b577\" data-element_type=\"widget\" data-e-type=\"widget\" data-widget_type=\"heading.default\">\n\t\t\t\t\t<h1 class=\"elementor-heading-title elementor-size-default\">Entretien<\/h1>\t\t\t\t<\/div>\n\t\t\t\t<div class=\"elementor-element elementor-element-ed2c991 elementor-widget-divider--view-line elementor-widget elementor-widget-divider\" data-id=\"ed2c991\" data-element_type=\"widget\" data-e-type=\"widget\" data-widget_type=\"divider.default\">\n\t\t\t\t\t\t\t<div class=\"elementor-divider\">\n\t\t\t<span class=\"elementor-divider-separator\">\n\t\t\t\t\t\t<\/span>\n\t\t<\/div>\n\t\t\t\t\t\t<\/div>\n\t\t\t\t<div class=\"elementor-element elementor-element-563b981 elementor-widget elementor-widget-heading\" data-id=\"563b981\" data-element_type=\"widget\" data-e-type=\"widget\" data-widget_type=\"heading.default\">\n\t\t\t\t\t<h2 class=\"elementor-heading-title elementor-size-default\">S\u00c9RIEUX et ENGAGEMENT<\/h2>\t\t\t\t<\/div>\n\t\t\t\t<div class=\"elementor-element elementor-element-ddb7f2d elementor-widget elementor-widget-text-editor\" data-id=\"ddb7f2d\" data-element_type=\"widget\" data-e-type=\"widget\" data-widget_type=\"text-editor.default\">\n\t\t\t\t\t\t\t\t\t<div class=\"uncode_text_column\"><div class=\"uncode_text_column\"><p>Nous proposons un service de <span style=\"color: #ebebf0;\">solutions compl\u00e8tes<\/span> qui garantissent la conservation de vos propri\u00e9t\u00e9s ou installations industrielles de mani\u00e8re <span style=\"color: #ebebf0;\">efficace et durable<\/span>.<\/p><p>Les avanc\u00e9es r\u00e9alis\u00e9es ces derni\u00e8res ann\u00e9es dans le secteur de la construction, en termes de mat\u00e9riaux, de techniques d\u2019application et de formation des professionnels, soutiennent notre syst\u00e8me de travail.<\/p><\/div><\/div>\t\t\t\t\t\t\t\t<\/div>\n\t\t\t\t<\/div>\n\t\t\t\t<\/div>\n\t\t\t\t<\/div>\n\t\t","protected":false},"excerpt":{"rendered":"<p>Entretien S\u00c9RIEUX et ENGAGEMENT Nous proposons un service de solutions compl\u00e8tes qui garantissent la conservation de vos propri\u00e9t\u00e9s ou installations industrielles de mani\u00e8re efficace et durable. Les avanc\u00e9es r\u00e9alis\u00e9es ces derni\u00e8res ann\u00e9es dans le secteur de la construction, en termes de mat\u00e9riaux, de techniques d\u2019application et de formation des professionnels, soutiennent notre syst\u00e8me de travail.<\/p>\n","protected":false},"author":1,"featured_media":0,"parent":2263,"menu_order":0,"comment_status":"closed","ping_status":"closed","template":"","meta":{"_joinchat":[],"footnotes":""},"class_list":["post-1928","page","type-page","status-publish","hentry"],"_links":{"self":[{"href":"https:\/\/miguelcarpintero.com\/fr\/wp-json\/wp\/v2\/pages\/1928","targetHints":{"allow":["GET"]}}],"collection":[{"href":"https:\/\/miguelcarpintero.com\/fr\/wp-json\/wp\/v2\/pages"}],"about":[{"href":"https:\/\/miguelcarpintero.com\/fr\/wp-json\/wp\/v2\/types\/page"}],"author":[{"embeddable":true,"href":"https:\/\/miguelcarpintero.com\/fr\/wp-json\/wp\/v2\/users\/1"}],"replies":[{"embeddable":true,"href":"https:\/\/miguelcarpintero.com\/fr\/wp-json\/wp\/v2\/comments?post=1928"}],"version-history":[{"count":1,"href":"https:\/\/miguelcarpintero.com\/fr\/wp-json\/wp\/v2\/pages\/1928\/revisions"}],"predecessor-version":[{"id":1930,"href":"https:\/\/miguelcarpintero.com\/fr\/wp-json\/wp\/v2\/pages\/1928\/revisions\/1930"}],"up":[{"embeddable":true,"href":"https:\/\/miguelcarpintero.com\/fr\/wp-json\/wp\/v2\/pages\/2263"}],"wp:attachment":[{"href":"https:\/\/miguelcarpintero.com\/fr\/wp-json\/wp\/v2\/media?parent=1928"}],"curies":[{"name":"wp","href":"https:\/\/api.w.org\/{rel}","templated":true}]}}