{"id":2024,"date":"2026-02-17T14:14:12","date_gmt":"2026-02-17T14:14:12","guid":{"rendered":"https:\/\/miguelcarpintero.com\/qui-nous-sommes\/"},"modified":"2026-04-27T10:12:19","modified_gmt":"2026-04-27T10:12:19","slug":"qui-nous-sommes","status":"publish","type":"page","link":"https:\/\/miguelcarpintero.com\/fr\/qui-nous-sommes\/","title":{"rendered":"QUI NOUS SOMMES"},"content":{"rendered":"\t\t<div data-elementor-type=\"wp-page\" data-elementor-id=\"2024\" class=\"elementor elementor-2024 elementor-17\">\n\t\t\t\t<div class=\"elementor-element elementor-element-6387908 e-flex e-con-boxed e-con e-parent\" data-id=\"6387908\" data-element_type=\"container\" data-e-type=\"container\" data-settings=\"{&quot;background_background&quot;:&quot;classic&quot;}\">\n\t\t\t\t\t<div class=\"e-con-inner\">\n\t\t\t\t<div class=\"elementor-element elementor-element-d1d3439 elementor-widget elementor-widget-heading\" data-id=\"d1d3439\" data-element_type=\"widget\" data-e-type=\"widget\" data-widget_type=\"heading.default\">\n\t\t\t\t\t<h1 class=\"elementor-heading-title elementor-size-default\">Qui nous sommes<\/h1>\t\t\t\t<\/div>\n\t\t\t\t\t<\/div>\n\t\t\t\t<\/div>\n\t\t<div class=\"elementor-element elementor-element-4ed41e9 e-flex e-con-boxed e-con e-parent\" data-id=\"4ed41e9\" data-element_type=\"container\" data-e-type=\"container\">\n\t\t\t\t\t<div class=\"e-con-inner\">\n\t\t\t\t<div class=\"elementor-element elementor-element-bae2ffb elementor-widget elementor-widget-heading\" data-id=\"bae2ffb\" data-element_type=\"widget\" data-e-type=\"widget\" data-widget_type=\"heading.default\">\n\t\t\t\t\t<h2 class=\"elementor-heading-title elementor-size-default\">Les valeurs qui nous font grandir<\/h2>\t\t\t\t<\/div>\n\t\t\t\t\t<\/div>\n\t\t\t\t<\/div>\n\t\t<div class=\"elementor-element elementor-element-32cab29 e-con-full e-flex e-con e-parent\" data-id=\"32cab29\" data-element_type=\"container\" data-e-type=\"container\">\n\t\t<div class=\"elementor-element elementor-element-ca1d409 e-con-full animated-fast e-flex elementor-invisible e-con e-child\" data-id=\"ca1d409\" data-element_type=\"container\" data-e-type=\"container\" data-settings=\"{&quot;background_background&quot;:&quot;classic&quot;,&quot;animation&quot;:&quot;zoomIn&quot;}\">\n\t\t\t\t<div class=\"elementor-element elementor-element-1f687b9 elementor-widget elementor-widget-image\" data-id=\"1f687b9\" data-element_type=\"widget\" data-e-type=\"widget\" data-widget_type=\"image.default\">\n\t\t\t\t\t\t\t\t\t\t\t\t\t\t\t<img decoding=\"async\" width=\"512\" height=\"512\" src=\"https:\/\/miguelcarpintero.com\/wp-content\/uploads\/2026\/03\/Heart.png\" class=\"attachment-large size-large wp-image-2026\" alt=\"\u2013 Miguel Carpintero\" srcset=\"https:\/\/miguelcarpintero.com\/wp-content\/uploads\/2026\/03\/Heart.png 512w, https:\/\/miguelcarpintero.com\/wp-content\/uploads\/2026\/03\/Heart-300x300.png 300w, https:\/\/miguelcarpintero.com\/wp-content\/uploads\/2026\/03\/Heart-150x150.png 150w\" sizes=\"(max-width: 512px) 100vw, 512px\" title=\"\">\t\t\t\t\t\t\t\t\t\t\t\t\t\t\t<\/div>\n\t\t\t\t<div class=\"elementor-element elementor-element-1cb300e elementor-widget elementor-widget-heading\" data-id=\"1cb300e\" data-element_type=\"widget\" data-e-type=\"widget\" data-widget_type=\"heading.default\">\n\t\t\t\t\t<h3 class=\"elementor-heading-title elementor-size-default\">Exp\u00e9rience<\/h3>\t\t\t\t<\/div>\n\t\t\t\t<div class=\"elementor-element elementor-element-bb1c4ca elementor-widget elementor-widget-text-editor\" data-id=\"bb1c4ca\" data-element_type=\"widget\" data-e-type=\"widget\" data-widget_type=\"text-editor.default\">\n\t\t\t\t\t\t\t\t\t<p>Depuis la fondation de l\u2019entreprise en 1977, Miguel Carpintero d\u00e9veloppe son objectif d\u2019occuper un r\u00f4le important dans la construction, cr\u00e9ant une entreprise de qualit\u00e9, d\u2019image, de prestige et d\u2019expansion.<\/p>\t\t\t\t\t\t\t\t<\/div>\n\t\t\t\t<\/div>\n\t\t<div class=\"elementor-element elementor-element-ffba0d5 e-con-full animated-fast e-flex elementor-invisible e-con e-child\" data-id=\"ffba0d5\" data-element_type=\"container\" data-e-type=\"container\" data-settings=\"{&quot;animation&quot;:&quot;zoomIn&quot;}\">\n\t\t\t\t<div class=\"elementor-element elementor-element-550e29d elementor-widget elementor-widget-image\" data-id=\"550e29d\" data-element_type=\"widget\" data-e-type=\"widget\" data-widget_type=\"image.default\">\n\t\t\t\t\t\t\t\t\t\t\t\t\t\t\t<img decoding=\"async\" width=\"800\" height=\"744\" src=\"https:\/\/miguelcarpintero.com\/wp-content\/uploads\/2026\/03\/miguel-carpintero-projectes_059-1024x952.webp\" class=\"attachment-large size-large wp-image-1840\" alt=\"Industrial-Miguel Carpintero\" srcset=\"https:\/\/miguelcarpintero.com\/wp-content\/uploads\/2026\/03\/miguel-carpintero-projectes_059-1024x952.webp 1024w, https:\/\/miguelcarpintero.com\/wp-content\/uploads\/2026\/03\/miguel-carpintero-projectes_059-300x279.webp 300w, https:\/\/miguelcarpintero.com\/wp-content\/uploads\/2026\/03\/miguel-carpintero-projectes_059-768x714.webp 768w, https:\/\/miguelcarpintero.com\/wp-content\/uploads\/2026\/03\/miguel-carpintero-projectes_059-1536x1428.webp 1536w, https:\/\/miguelcarpintero.com\/wp-content\/uploads\/2026\/03\/miguel-carpintero-projectes_059.webp 1600w\" sizes=\"(max-width: 800px) 100vw, 800px\" title=\"\">\t\t\t\t\t\t\t\t\t\t\t\t\t\t\t<\/div>\n\t\t\t\t<\/div>\n\t\t<div class=\"elementor-element elementor-element-e541541 e-con-full animated-fast e-flex elementor-invisible e-con e-child\" data-id=\"e541541\" data-element_type=\"container\" data-e-type=\"container\" data-settings=\"{&quot;background_background&quot;:&quot;classic&quot;,&quot;animation&quot;:&quot;zoomIn&quot;}\">\n\t\t\t\t<div class=\"elementor-element elementor-element-ae347e5 elementor-widget elementor-widget-image\" data-id=\"ae347e5\" data-element_type=\"widget\" data-e-type=\"widget\" data-widget_type=\"image.default\">\n\t\t\t\t\t\t\t\t\t\t\t\t\t\t\t<img decoding=\"async\" width=\"368\" height=\"512\" src=\"https:\/\/miguelcarpintero.com\/wp-content\/uploads\/2026\/03\/Compass.png\" class=\"attachment-large size-large wp-image-2027\" alt=\"\u2013 Miguel Carpintero\" srcset=\"https:\/\/miguelcarpintero.com\/wp-content\/uploads\/2026\/03\/Compass.png 368w, https:\/\/miguelcarpintero.com\/wp-content\/uploads\/2026\/03\/Compass-216x300.png 216w\" sizes=\"(max-width: 368px) 100vw, 368px\" title=\"\">\t\t\t\t\t\t\t\t\t\t\t\t\t\t\t<\/div>\n\t\t\t\t<div class=\"elementor-element elementor-element-f627b25 elementor-widget elementor-widget-heading\" data-id=\"f627b25\" data-element_type=\"widget\" data-e-type=\"widget\" data-widget_type=\"heading.default\">\n\t\t\t\t\t<h3 class=\"elementor-heading-title elementor-size-default\">Structure<\/h3>\t\t\t\t<\/div>\n\t\t\t\t<div class=\"elementor-element elementor-element-c57226f elementor-widget elementor-widget-text-editor\" data-id=\"c57226f\" data-element_type=\"widget\" data-e-type=\"widget\" data-widget_type=\"text-editor.default\">\n\t\t\t\t\t\t\t\t\t<p>Avec une structure simple, dynamique et proche, nous proposons des solutions compl\u00e8tes au client dans les diff\u00e9rents domaines d\u2019activit\u00e9, B\u00c2TIMENTS, INDUSTRIEL, R\u00c9NOVATIONS et MAINTENANCE, destin\u00e9es aussi bien aux particuliers qu\u2019aux entreprises.<\/p>\t\t\t\t\t\t\t\t<\/div>\n\t\t\t\t<\/div>\n\t\t\t\t<\/div>\n\t\t<div class=\"elementor-element elementor-element-d1e0a24 e-con-full e-flex e-con e-parent\" data-id=\"d1e0a24\" data-element_type=\"container\" data-e-type=\"container\">\n\t\t<div class=\"elementor-element elementor-element-fbfbb24 e-con-full animated-fast e-flex elementor-invisible e-con e-child\" data-id=\"fbfbb24\" data-element_type=\"container\" data-e-type=\"container\" data-settings=\"{&quot;animation&quot;:&quot;zoomIn&quot;}\">\n\t\t\t\t<div class=\"elementor-element elementor-element-a2d38a8 elementor-widget elementor-widget-image\" data-id=\"a2d38a8\" data-element_type=\"widget\" data-e-type=\"widget\" data-widget_type=\"image.default\">\n\t\t\t\t\t\t\t\t\t\t\t\t\t\t\t<img decoding=\"async\" width=\"800\" height=\"791\" src=\"https:\/\/miguelcarpintero.com\/wp-content\/uploads\/2026\/03\/miguel-carpintero-projectes_129-1024x1013.webp\" class=\"attachment-large size-large wp-image-2028\" alt=\"Exp\u00e9rience - Miguel Carpintero\" srcset=\"https:\/\/miguelcarpintero.com\/wp-content\/uploads\/2026\/03\/miguel-carpintero-projectes_129-1024x1013.webp 1024w, https:\/\/miguelcarpintero.com\/wp-content\/uploads\/2026\/03\/miguel-carpintero-projectes_129-300x297.webp 300w, https:\/\/miguelcarpintero.com\/wp-content\/uploads\/2026\/03\/miguel-carpintero-projectes_129-768x760.webp 768w, https:\/\/miguelcarpintero.com\/wp-content\/uploads\/2026\/03\/miguel-carpintero-projectes_129-1536x1520.webp 1536w, https:\/\/miguelcarpintero.com\/wp-content\/uploads\/2026\/03\/miguel-carpintero-projectes_129.webp 1600w\" sizes=\"(max-width: 800px) 100vw, 800px\" title=\"\">\t\t\t\t\t\t\t\t\t\t\t\t\t\t\t<\/div>\n\t\t\t\t<\/div>\n\t\t<div class=\"elementor-element elementor-element-c205bcd e-con-full animated-fast e-flex elementor-invisible e-con e-child\" data-id=\"c205bcd\" data-element_type=\"container\" data-e-type=\"container\" data-settings=\"{&quot;background_background&quot;:&quot;classic&quot;,&quot;animation&quot;:&quot;zoomIn&quot;}\">\n\t\t\t\t<div class=\"elementor-element elementor-element-06561bd elementor-widget elementor-widget-image\" data-id=\"06561bd\" data-element_type=\"widget\" data-e-type=\"widget\" data-widget_type=\"image.default\">\n\t\t\t\t\t\t\t\t\t\t\t\t\t\t\t<img decoding=\"async\" width=\"560\" height=\"512\" src=\"https:\/\/miguelcarpintero.com\/wp-content\/uploads\/2026\/03\/Puzzle.png\" class=\"attachment-large size-large wp-image-2029\" alt=\"\u2013 Miguel Carpintero\" srcset=\"https:\/\/miguelcarpintero.com\/wp-content\/uploads\/2026\/03\/Puzzle.png 560w, https:\/\/miguelcarpintero.com\/wp-content\/uploads\/2026\/03\/Puzzle-300x274.png 300w\" sizes=\"(max-width: 560px) 100vw, 560px\" title=\"\">\t\t\t\t\t\t\t\t\t\t\t\t\t\t\t<\/div>\n\t\t\t\t<div class=\"elementor-element elementor-element-c4b9af0 elementor-widget elementor-widget-heading\" data-id=\"c4b9af0\" data-element_type=\"widget\" data-e-type=\"widget\" data-widget_type=\"heading.default\">\n\t\t\t\t\t<h3 class=\"elementor-heading-title elementor-size-default\">Comment \u00e7a fonctionne<\/h3>\t\t\t\t<\/div>\n\t\t\t\t<div class=\"elementor-element elementor-element-0d22765 elementor-widget elementor-widget-text-editor\" data-id=\"0d22765\" data-element_type=\"widget\" data-e-type=\"widget\" data-widget_type=\"text-editor.default\">\n\t\t\t\t\t\t\t\t\t<p>Elle con\u00e7oit, planifie, dirige et ex\u00e9cute toutes les activit\u00e9s de mani\u00e8re efficace et durable, en cherchant \u00e0 obtenir le meilleur rendement sur l\u2019espace et les ressources disponibles dans tous ses projets, en tirant le meilleur parti de l\u2019investissement r\u00e9alis\u00e9.<\/p>\t\t\t\t\t\t\t\t<\/div>\n\t\t\t\t<\/div>\n\t\t<div class=\"elementor-element elementor-element-9ded92f e-con-full animated-fast e-flex elementor-invisible e-con e-child\" data-id=\"9ded92f\" data-element_type=\"container\" data-e-type=\"container\" data-settings=\"{&quot;animation&quot;:&quot;zoomIn&quot;}\">\n\t\t\t\t<div class=\"elementor-element elementor-element-a188353 elementor-widget elementor-widget-image\" data-id=\"a188353\" data-element_type=\"widget\" data-e-type=\"widget\" data-widget_type=\"image.default\">\n\t\t\t\t\t\t\t\t\t\t\t\t\t\t\t<img decoding=\"async\" width=\"800\" height=\"534\" src=\"https:\/\/miguelcarpintero.com\/wp-content\/uploads\/2026\/03\/miguel-carpintero-projectes_099-1024x683.webp\" class=\"attachment-large size-large wp-image-2030\" alt=\"\u2013 Miguel Carpintero\" srcset=\"https:\/\/miguelcarpintero.com\/wp-content\/uploads\/2026\/03\/miguel-carpintero-projectes_099-1024x683.webp 1024w, https:\/\/miguelcarpintero.com\/wp-content\/uploads\/2026\/03\/miguel-carpintero-projectes_099-300x200.webp 300w, https:\/\/miguelcarpintero.com\/wp-content\/uploads\/2026\/03\/miguel-carpintero-projectes_099-768x512.webp 768w, https:\/\/miguelcarpintero.com\/wp-content\/uploads\/2026\/03\/miguel-carpintero-projectes_099-1536x1024.webp 1536w, https:\/\/miguelcarpintero.com\/wp-content\/uploads\/2026\/03\/miguel-carpintero-projectes_099.webp 1600w\" sizes=\"(max-width: 800px) 100vw, 800px\" title=\"\">\t\t\t\t\t\t\t\t\t\t\t\t\t\t\t<\/div>\n\t\t\t\t<\/div>\n\t\t\t\t<\/div>\n\t\t<div class=\"elementor-element elementor-element-a0b2f7a e-con-full e-flex e-con e-parent\" data-id=\"a0b2f7a\" data-element_type=\"container\" data-e-type=\"container\">\n\t\t<div class=\"elementor-element elementor-element-5480283 e-con-full animated-fast e-flex elementor-invisible e-con e-child\" data-id=\"5480283\" data-element_type=\"container\" data-e-type=\"container\" data-settings=\"{&quot;background_background&quot;:&quot;classic&quot;,&quot;animation&quot;:&quot;zoomIn&quot;}\">\n\t\t\t\t<div class=\"elementor-element elementor-element-c6cb2cc elementor-widget elementor-widget-image\" data-id=\"c6cb2cc\" data-element_type=\"widget\" data-e-type=\"widget\" data-widget_type=\"image.default\">\n\t\t\t\t\t\t\t\t\t\t\t\t\t\t\t<img decoding=\"async\" width=\"576\" height=\"512\" src=\"https:\/\/miguelcarpintero.com\/wp-content\/uploads\/2026\/03\/Male.png\" class=\"attachment-large size-large wp-image-2031\" alt=\"\u2013 Miguel Carpintero\" srcset=\"https:\/\/miguelcarpintero.com\/wp-content\/uploads\/2026\/03\/Male.png 576w, https:\/\/miguelcarpintero.com\/wp-content\/uploads\/2026\/03\/Male-300x267.png 300w\" sizes=\"(max-width: 576px) 100vw, 576px\" title=\"\">\t\t\t\t\t\t\t\t\t\t\t\t\t\t\t<\/div>\n\t\t\t\t<div class=\"elementor-element elementor-element-bf5c4c8 elementor-widget elementor-widget-heading\" data-id=\"bf5c4c8\" data-element_type=\"widget\" data-e-type=\"widget\" data-widget_type=\"heading.default\">\n\t\t\t\t\t<h3 class=\"elementor-heading-title elementor-size-default\">Personnel<\/h3>\t\t\t\t<\/div>\n\t\t\t\t<div class=\"elementor-element elementor-element-aaccde9 elementor-widget elementor-widget-text-editor\" data-id=\"aaccde9\" data-element_type=\"widget\" data-e-type=\"widget\" data-widget_type=\"text-editor.default\">\n\t\t\t\t\t\t\t\t\t<p>Elle dispose d\u2019un personnel hautement qualifi\u00e9 et d\u2019une liste \u00e9tendue de collaborateurs sp\u00e9cialis\u00e9s dans l\u2019ex\u00e9cution des travaux du d\u00e9but \u00e0 la fin, en coordonnant les m\u00e9tiers et les mat\u00e9riaux. Et toujours, avec la qualit\u00e9, l\u2019efficacit\u00e9 et la formalit\u00e9 dans le respect de nos d\u00e9lais d\u2019ex\u00e9cution comme lettre de pr\u00e9sentation principale. <\/p>\t\t\t\t\t\t\t\t<\/div>\n\t\t\t\t<\/div>\n\t\t<div class=\"elementor-element elementor-element-b4f0be5 e-con-full animated-fast e-flex elementor-invisible e-con e-child\" data-id=\"b4f0be5\" data-element_type=\"container\" data-e-type=\"container\" data-settings=\"{&quot;animation&quot;:&quot;zoomIn&quot;}\">\n\t\t\t\t<div class=\"elementor-element elementor-element-59ab69a elementor-widget elementor-widget-image\" data-id=\"59ab69a\" data-element_type=\"widget\" data-e-type=\"widget\" data-widget_type=\"image.default\">\n\t\t\t\t\t\t\t\t\t\t\t\t\t\t\t<img decoding=\"async\" width=\"800\" height=\"600\" src=\"https:\/\/miguelcarpintero.com\/wp-content\/uploads\/2026\/03\/miguel-carpintero-projectes_070-1024x768.webp\" class=\"attachment-large size-large wp-image-2032\" alt=\"Environnement - Miguel Carpintero\" srcset=\"https:\/\/miguelcarpintero.com\/wp-content\/uploads\/2026\/03\/miguel-carpintero-projectes_070-1024x768.webp 1024w, https:\/\/miguelcarpintero.com\/wp-content\/uploads\/2026\/03\/miguel-carpintero-projectes_070-300x225.webp 300w, https:\/\/miguelcarpintero.com\/wp-content\/uploads\/2026\/03\/miguel-carpintero-projectes_070-768x576.webp 768w, https:\/\/miguelcarpintero.com\/wp-content\/uploads\/2026\/03\/miguel-carpintero-projectes_070-1536x1152.webp 1536w, https:\/\/miguelcarpintero.com\/wp-content\/uploads\/2026\/03\/miguel-carpintero-projectes_070.webp 1600w\" sizes=\"(max-width: 800px) 100vw, 800px\" title=\"\">\t\t\t\t\t\t\t\t\t\t\t\t\t\t\t<\/div>\n\t\t\t\t<\/div>\n\t\t<div class=\"elementor-element elementor-element-bc3f6be e-con-full animated-fast e-flex elementor-invisible e-con e-child\" data-id=\"bc3f6be\" data-element_type=\"container\" data-e-type=\"container\" data-settings=\"{&quot;background_background&quot;:&quot;classic&quot;,&quot;animation&quot;:&quot;zoomIn&quot;}\">\n\t\t\t\t<div class=\"elementor-element elementor-element-63a811f elementor-widget elementor-widget-image\" data-id=\"63a811f\" data-element_type=\"widget\" data-e-type=\"widget\" data-widget_type=\"image.default\">\n\t\t\t\t\t\t\t\t\t\t\t\t\t\t\t<img decoding=\"async\" width=\"368\" height=\"512\" src=\"https:\/\/miguelcarpintero.com\/wp-content\/uploads\/2026\/03\/Compass.png\" class=\"attachment-large size-large wp-image-2027\" alt=\"\u2013 Miguel Carpintero\" srcset=\"https:\/\/miguelcarpintero.com\/wp-content\/uploads\/2026\/03\/Compass.png 368w, https:\/\/miguelcarpintero.com\/wp-content\/uploads\/2026\/03\/Compass-216x300.png 216w\" sizes=\"(max-width: 368px) 100vw, 368px\" title=\"\">\t\t\t\t\t\t\t\t\t\t\t\t\t\t\t<\/div>\n\t\t\t\t<div class=\"elementor-element elementor-element-7e8deea elementor-widget elementor-widget-heading\" data-id=\"7e8deea\" data-element_type=\"widget\" data-e-type=\"widget\" data-widget_type=\"heading.default\">\n\t\t\t\t\t<h3 class=\"elementor-heading-title elementor-size-default\">Environnement<\/h3>\t\t\t\t<\/div>\n\t\t\t\t<div class=\"elementor-element elementor-element-112aba0 elementor-widget elementor-widget-text-editor\" data-id=\"112aba0\" data-element_type=\"widget\" data-e-type=\"widget\" data-widget_type=\"text-editor.default\">\n\t\t\t\t\t\t\t\t\tNous nous engageons \u00e0 une construction responsable et respectueuse de l\u2019environnement, \u00e0 r\u00e9duire les d\u00e9chets, optimiser les ressources et minimiser l\u2019impact environnemental afin de cr\u00e9er des b\u00e2timents plus durables et efficaces.\t\t\t\t\t\t\t\t<\/div>\n\t\t\t\t<\/div>\n\t\t\t\t<\/div>\n\t\t\t\t<\/div>\n\t\t","protected":false},"excerpt":{"rendered":"<p>Qui nous sommes Les valeurs qui nous font grandir Exp\u00e9rience Depuis la fondation de l\u2019entreprise en 1977, Miguel Carpintero d\u00e9veloppe son objectif d\u2019occuper un r\u00f4le important dans la construction, cr\u00e9ant une entreprise de qualit\u00e9, d\u2019image, de prestige et d\u2019expansion. Structure Avec une structure simple, dynamique et proche, nous proposons des solutions compl\u00e8tes au client dans [&hellip;]<\/p>\n","protected":false},"author":1,"featured_media":0,"parent":0,"menu_order":0,"comment_status":"closed","ping_status":"closed","template":"","meta":{"_joinchat":[],"footnotes":""},"class_list":["post-2024","page","type-page","status-publish","hentry"],"_links":{"self":[{"href":"https:\/\/miguelcarpintero.com\/fr\/wp-json\/wp\/v2\/pages\/2024","targetHints":{"allow":["GET"]}}],"collection":[{"href":"https:\/\/miguelcarpintero.com\/fr\/wp-json\/wp\/v2\/pages"}],"about":[{"href":"https:\/\/miguelcarpintero.com\/fr\/wp-json\/wp\/v2\/types\/page"}],"author":[{"embeddable":true,"href":"https:\/\/miguelcarpintero.com\/fr\/wp-json\/wp\/v2\/users\/1"}],"replies":[{"embeddable":true,"href":"https:\/\/miguelcarpintero.com\/fr\/wp-json\/wp\/v2\/comments?post=2024"}],"version-history":[{"count":1,"href":"https:\/\/miguelcarpintero.com\/fr\/wp-json\/wp\/v2\/pages\/2024\/revisions"}],"predecessor-version":[{"id":2033,"href":"https:\/\/miguelcarpintero.com\/fr\/wp-json\/wp\/v2\/pages\/2024\/revisions\/2033"}],"wp:attachment":[{"href":"https:\/\/miguelcarpintero.com\/fr\/wp-json\/wp\/v2\/media?parent=2024"}],"curies":[{"name":"wp","href":"https:\/\/api.w.org\/{rel}","templated":true}]}}