{"id":2148,"date":"2026-04-17T08:20:17","date_gmt":"2026-04-17T08:20:17","guid":{"rendered":"https:\/\/miguelcarpintero.com\/politique-sur-les-cookies\/"},"modified":"2026-04-17T08:24:32","modified_gmt":"2026-04-17T08:24:32","slug":"politique-sur-les-cookies","status":"publish","type":"page","link":"https:\/\/miguelcarpintero.com\/fr\/politique-sur-les-cookies\/","title":{"rendered":"Politique sur les cookies"},"content":{"rendered":"\t\t<div data-elementor-type=\"wp-page\" data-elementor-id=\"2148\" class=\"elementor elementor-2148 elementor-2142\">\n\t\t\t\t<div class=\"elementor-element elementor-element-22b1d90 e-flex e-con-boxed e-con e-parent\" data-id=\"22b1d90\" data-element_type=\"container\" data-e-type=\"container\" data-settings=\"{&quot;background_background&quot;:&quot;classic&quot;}\">\n\t\t\t\t\t<div class=\"e-con-inner\">\n\t\t\t\t<div class=\"elementor-element elementor-element-1483dde elementor-widget elementor-widget-heading\" data-id=\"1483dde\" data-element_type=\"widget\" data-e-type=\"widget\" data-widget_type=\"heading.default\">\n\t\t\t\t\t<h1 class=\"elementor-heading-title elementor-size-default\">Politique sur les cookies<\/h1>\t\t\t\t<\/div>\n\t\t\t\t\t<\/div>\n\t\t\t\t<\/div>\n\t\t<div class=\"elementor-element elementor-element-96b1e6f e-flex e-con-boxed e-con e-parent\" data-id=\"96b1e6f\" data-element_type=\"container\" data-e-type=\"container\">\n\t\t\t\t\t<div class=\"e-con-inner\">\n\t\t\t\t<div class=\"elementor-element elementor-element-3c3db4a elementor-widget elementor-widget-text-editor\" data-id=\"3c3db4a\" data-element_type=\"widget\" data-e-type=\"widget\" data-widget_type=\"text-editor.default\">\n\t\t\t\t\t\t\t\t\t<p>MIGUEL CARPINTERO S.L., \u00e9nonce par la pr\u00e9sente sa Politique de collecte et de traitement des cookies, conform\u00e9ment aux dispositions de l\u2019article 22.2 de la loi 34\/2002, du 11 juillet, relative \u00e0 la soci\u00e9t\u00e9, aux services d\u2019information et au commerce \u00e9lectronique (LSSICE). Les cookies sont stock\u00e9s sur le terminal de l\u2019utilisateur (ordinateur et appareil mobile) et collectent des informations lors de la visite du site www.miguelcarpintero.com, afin d\u2019am\u00e9liorer leur utilisation, de conna\u00eetre les habitudes de navigation ou les besoins des utilisateurs afin de s\u2019y adapter, ainsi que d\u2019obtenir des informations \u00e0 des fins statistiques. Dans le cas des utilisateurs d\u00e9j\u00e0 clients de l\u2019entit\u00e9, les informations collect\u00e9es avec les cookies serviront \u00e9galement \u00e0 les identifier lors de l\u2019acc\u00e8s aux diff\u00e9rents outils que l\u2019entit\u00e9 met \u00e0 disposition pour la gestion des services.  <\/p><p> <\/p><p>Cette politique de cookies s\u2019appliquera aux utilisateurs qui visitent volontairement les pages web de l\u2019entit\u00e9, remplissent des formulaires de collecte de donn\u00e9es, acc\u00e8dent aux outils que l\u2019entit\u00e9 met \u00e0 disposition de ses clients pour g\u00e9rer ses services, ou utilisent tout autre service pr\u00e9sent sur le site web impliquant la communication de donn\u00e9es \u00e0 l\u2019entit\u00e9,  ou l\u2019acc\u00e8s aux donn\u00e9es pour l\u2019entit\u00e9, pour la fourniture de ses services. L\u2019entreprise informe les utilisateurs de ses sites web de l\u2019existence des cookies et met \u00e0 disposition cette politique de cookies afin de les informer de leur utilisation et de leur objectif. <\/p><p> <\/p><div><div class=\"CookieDeclaration\" dir=\"ltr\" lang=\"ca\"><p class=\"CookieDeclarationDialogText\">Ce site web utilise des cookies. Nous utilisons des cookies pour personnaliser le contenu et les publicit\u00e9s, fournir des fonctionnalit\u00e9s sur les r\u00e9seaux sociaux et analyser le trafic du site. Nous partageons \u00e9galement des informations sur votre utilisation de notre site avec les partenaires de r\u00e9seaux sociaux, de publicit\u00e9 et d\u2019analytique avec lesquels nous travaillons. En retour, ils peuvent les combiner avec d\u2019autres donn\u00e9es que vous leur avez fournies ou collect\u00e9es gr\u00e2ce \u00e0 vos services.   <\/p><p> <\/p><p class=\"CookieDeclarationIntro\">Les cookies sont de petits fichiers texte que les sites web peuvent utiliser afin que l\u2019utilisateur puisse en tirer un usage plus efficace.<br><br>La loi stipule que nous pouvons stocker des cookies sur votre appareil s\u2019ils sont strictement n\u00e9cessaires au fonctionnement de ce site. Pour tous les autres types de cookies, nous avons besoin de votre autorisation. <\/p><p class=\"CookieDeclarationIntro\"><br><br>Ce site utilise diff\u00e9rents types de cookies. Parfois, les cookies qui apparaissent sur nos pages proviennent de services tiers. <br><br>\u00c0 tout moment, vous pouvez modifier ou retirer votre consentement \u00e0 la D\u00e9claration sur les Cookies sur notre site web.<br><br>Vous pouvez en savoir plus sur nous, comment nous contacter et comment nous traitons les donn\u00e9es personnelles dans notre Politique de confidentialit\u00e9.<br><br>Veuillez indiquer votre identit\u00e9 et la date au moment de nous contacter concernant votre consentement.<\/p><p>Votre consentement s\u2019applique aux domaines suivants : www.miguelcarpintero.com<\/p><div id=\"CookieDeclarationUserStatusPanel\" data-responsemode=\"leveloptin\" data-dialogtemplate=\"slideup-v2_white\"><div id=\"CookieDeclarationUserStatusLabel\"><div id=\"CookieDeclarationUserStatusLabelOff\">Votre statut actuel : Nier.  <\/div><p id=\"CookieDeclarationConsentIdAndDate\">Votre consentement d\u2019identification : <span id=\"CookieDeclarationUserStatusLabelConsentId\">BOKY2nTMYPUJPsCpZ+xtHOOt+RRYFJwC3VL9q7b+AiGSvCIiae3zzQ==<\/span>Date du consentement : <span id=\"CookieDeclarationUserStatusLabelConsentDate\">vendredi 13 f\u00e9vrier 2026, 12:37:56 CET<\/span><\/p><\/div><div id=\"CookieDeclarationChangeConsent\"><a id=\"CookieDeclarationChangeConsentChange\" href=\"https:\/\/www.miguelcarpintero.com\/politica-de-cookies#\">Change ton consentement<\/a><\/div><\/div><br><p class=\"CookieDeclarationLastUpdated\">D\u00e9claration de cookie mise \u00e0 jour pour la derni\u00e8re fois le 28\/06\/23 par <a title=\"Cookiebot\" href=\"https:\/\/www.cookiebot.com\/\" target=\"_blank\" rel=\"noopener\">Cookiebot<\/a> :<\/p><div class=\"CookieDeclarationType\" dir=\"ltr\" lang=\"ca\"><p class=\"CookieDeclarationTypeHeader\">Exigences (7)<\/p><p class=\"CookieDeclarationTypeDescription\">Les cookies n\u00e9cessaires aident \u00e0 rendre les sites web plus accessibles et \u00e0 activer des fonctions de base telles que la navigation ou l\u2019acc\u00e8s aux zones s\u00e9curis\u00e9es du site. Le site web ne peut pas fonctionner sans ces cookies. <\/p><table class=\"CookieDeclarationTable\"><colgroup><col><col><col><col><col><\/colgroup><thead><tr><th class=\"CookieDeclarationTableHeader\" dir=\"ltr\" scope=\"col\">Nom<\/th><th class=\"CookieDeclarationTableHeader\" dir=\"ltr\" scope=\"col\">Fournisseur<\/th><th class=\"CookieDeclarationTableHeader\" dir=\"ltr\" scope=\"col\">But<\/th><th class=\"CookieDeclarationTableHeader\" dir=\"ltr\" scope=\"col\">Dur\u00e9e maximale de stockage<\/th><th class=\"CookieDeclarationTableHeader\" dir=\"ltr\" scope=\"col\">Type<\/th><\/tr><\/thead><tbody><tr><td class=\"CookieDeclarationTableCell\">__cf_bm<\/td><td class=\"CookieDeclarationTableCell\"><a title=\"Politique de confidentialit\u00e9 de Vimeo\" href=\"https:\/\/vimeo.com\/privacy\" target=\"_blank\" rel=\"noopener noreferrer nofollow\">Vimeo<\/a><\/td><td class=\"CookieDeclarationTableCell\">Ce cookie sert \u00e0 distinguer les humains des bots. Cela est b\u00e9n\u00e9fique pour le site web, afin de faire des rapports valides sur l\u2019utilisation de leur site. <\/td><td class=\"CookieDeclarationTableCell\">1 jour<\/td><td class=\"CookieDeclarationTableCell\">Cookie HTTP<\/td><\/tr><tr><td class=\"CookieDeclarationTableCell\">CookieConsent<\/td><td class=\"CookieDeclarationTableCell\"><a title=\"Politique de confidentialit\u00e9 de Cookiebot\" href=\"https:\/\/www.cookiebot.com\/goto\/privacy-policy\/\" target=\"_blank\" rel=\"noopener noreferrer nofollow\">Cookiebot<\/a><\/td><td class=\"CookieDeclarationTableCell\">Stocke l\u2019\u00e9tat de consentement au cookie de l\u2019utilisateur pour le domaine actuel<\/td><td class=\"CookieDeclarationTableCell\">1 an<\/td><td class=\"CookieDeclarationTableCell\">Cookie HTTP<\/td><\/tr><tr><td class=\"CookieDeclarationTableCell\">uncodeAI.css<\/td><td class=\"CookieDeclarationTableCell\">miguelcarpintero.com<\/td><td class=\"CookieDeclarationTableCell\">D\u00e9termine quel appareil est utilis\u00e9 par le visiteur &#8211; Cela permet au site web de s\u2019ajuster \u00e0 la r\u00e9solution optimale pour cet appareil sp\u00e9cifique.<\/td>Session <td class=\"CookieDeclarationTableCell\"> <\/td><td class=\"CookieDeclarationTableCell\">de cookies HTTP<\/td><\/tr><tr><td class=\"CookieDeclarationTableCell\">uncodeAI.images<\/td><td class=\"CookieDeclarationTableCell\">miguelcarpintero.com<\/td><td class=\"CookieDeclarationTableCell\">D\u00e9termine quel appareil est utilis\u00e9 par le visiteur &#8211; Cela permet au site web de s\u2019ajuster \u00e0 la r\u00e9solution optimale pour cet appareil sp\u00e9cifique.<\/td>Session <td class=\"CookieDeclarationTableCell\"> <\/td><td class=\"CookieDeclarationTableCell\">de cookies HTTP<\/td><\/tr><tr><td class=\"CookieDeclarationTableCell\">uncodeAI.screen<\/td><td class=\"CookieDeclarationTableCell\">miguelcarpintero.com<\/td><td class=\"CookieDeclarationTableCell\">D\u00e9termine quel appareil est utilis\u00e9 par le visiteur &#8211; Cela permet au site web de s\u2019ajuster \u00e0 la r\u00e9solution optimale pour cet appareil sp\u00e9cifique.<\/td>Session <td class=\"CookieDeclarationTableCell\"> <\/td><td class=\"CookieDeclarationTableCell\">de cookies HTTP<\/td><\/tr><tr><td class=\"CookieDeclarationTableCell\">webp_lossless_supported<\/td><td class=\"CookieDeclarationTableCell\">miguelcarpintero.com<\/td><td class=\"CookieDeclarationTableCell\">Utilis\u00e9 pour impl\u00e9menter des images au format WebP sur le site web.<\/td><td class=\"CookieDeclarationTableCell\">Stockage local HTML<\/td> <td class=\"CookieDeclarationTableCell\">permanent<\/td><\/tr><tr><td class=\"CookieDeclarationTableCell\">webp_lossy_supported<\/td><td class=\"CookieDeclarationTableCell\">miguelcarpintero.com<\/td><td class=\"CookieDeclarationTableCell\">Utilis\u00e9 pour impl\u00e9menter des images au format WebP sur le site web.<\/td><td class=\"CookieDeclarationTableCell\">Stockage local HTML<\/td> <td class=\"CookieDeclarationTableCell\">permanent<\/td><\/tr><\/tbody><\/table><\/div><\/div><\/div>\t\t\t\t\t\t\t\t<\/div>\n\t\t\t\t\t<\/div>\n\t\t\t\t<\/div>\n\t\t\t\t<\/div>\n\t\t","protected":false},"excerpt":{"rendered":"<p>Politique sur les cookies MIGUEL CARPINTERO S.L., \u00e9nonce par la pr\u00e9sente sa Politique de collecte et de traitement des cookies, conform\u00e9ment aux dispositions de l\u2019article 22.2 de la loi 34\/2002, du 11 juillet, relative \u00e0 la soci\u00e9t\u00e9, aux services d\u2019information et au commerce \u00e9lectronique (LSSICE). Les cookies sont stock\u00e9s sur le terminal de l\u2019utilisateur (ordinateur [&hellip;]<\/p>\n","protected":false},"author":1,"featured_media":0,"parent":0,"menu_order":0,"comment_status":"closed","ping_status":"closed","template":"","meta":{"_joinchat":[],"footnotes":""},"class_list":["post-2148","page","type-page","status-publish","hentry"],"_links":{"self":[{"href":"https:\/\/miguelcarpintero.com\/fr\/wp-json\/wp\/v2\/pages\/2148","targetHints":{"allow":["GET"]}}],"collection":[{"href":"https:\/\/miguelcarpintero.com\/fr\/wp-json\/wp\/v2\/pages"}],"about":[{"href":"https:\/\/miguelcarpintero.com\/fr\/wp-json\/wp\/v2\/types\/page"}],"author":[{"embeddable":true,"href":"https:\/\/miguelcarpintero.com\/fr\/wp-json\/wp\/v2\/users\/1"}],"replies":[{"embeddable":true,"href":"https:\/\/miguelcarpintero.com\/fr\/wp-json\/wp\/v2\/comments?post=2148"}],"version-history":[{"count":1,"href":"https:\/\/miguelcarpintero.com\/fr\/wp-json\/wp\/v2\/pages\/2148\/revisions"}],"predecessor-version":[{"id":2149,"href":"https:\/\/miguelcarpintero.com\/fr\/wp-json\/wp\/v2\/pages\/2148\/revisions\/2149"}],"wp:attachment":[{"href":"https:\/\/miguelcarpintero.com\/fr\/wp-json\/wp\/v2\/media?parent=2148"}],"curies":[{"name":"wp","href":"https:\/\/api.w.org\/{rel}","templated":true}]}}