{"id":2158,"date":"2026-04-17T08:12:46","date_gmt":"2026-04-17T08:12:46","guid":{"rendered":"https:\/\/miguelcarpintero.com\/avis-juridique\/"},"modified":"2026-04-17T08:25:17","modified_gmt":"2026-04-17T08:25:17","slug":"avis-juridique","status":"publish","type":"page","link":"https:\/\/miguelcarpintero.com\/fr\/avis-juridique\/","title":{"rendered":"Avis juridique"},"content":{"rendered":"\t\t<div data-elementor-type=\"wp-page\" data-elementor-id=\"2158\" class=\"elementor elementor-2158 elementor-2124\">\n\t\t\t\t<div class=\"elementor-element elementor-element-6e1ab77 e-flex e-con-boxed e-con e-parent\" data-id=\"6e1ab77\" data-element_type=\"container\" data-e-type=\"container\" data-settings=\"{&quot;background_background&quot;:&quot;classic&quot;}\">\n\t\t\t\t\t<div class=\"e-con-inner\">\n\t\t\t\t<div class=\"elementor-element elementor-element-1ecbcd2 elementor-widget elementor-widget-heading\" data-id=\"1ecbcd2\" data-element_type=\"widget\" data-e-type=\"widget\" data-widget_type=\"heading.default\">\n\t\t\t\t\t<h1 class=\"elementor-heading-title elementor-size-default\">Avis juridique<\/h1>\t\t\t\t<\/div>\n\t\t\t\t\t<\/div>\n\t\t\t\t<\/div>\n\t\t<div class=\"elementor-element elementor-element-550c844 e-flex e-con-boxed e-con e-parent\" data-id=\"550c844\" data-element_type=\"container\" data-e-type=\"container\">\n\t\t\t\t\t<div class=\"e-con-inner\">\n\t\t\t\t<div class=\"elementor-element elementor-element-76a0e76 elementor-widget elementor-widget-text-editor\" data-id=\"76a0e76\" data-element_type=\"widget\" data-e-type=\"widget\" data-widget_type=\"text-editor.default\">\n\t\t\t\t\t\t\t\t\t<p class=\"p1\">Conform\u00e9ment \u00e0 l\u2019article 10 de la loi 34\/2002, du 11 juillet, relative aux services de la soci\u00e9t\u00e9 de l\u2019information et au commerce \u00e9lectronique (LSSICE), les d\u00e9tails d\u2019identification de l\u2019entit\u00e9 sont d\u00e9taill\u00e9s ci-dessous :<br>Nom de l\u2019entreprise : MIGUEL CARPINTERO SL<br>NIF : B17033598<br>Adresse : C\/ Viladesau, 7 \u2013 17481 \u2013 Sant Juli\u00e0 de Ramis \u2013 GIRONA<br>T\u00e9l\u00e9phone : 972170299<br>Email : info@miguelcarpintero.com<br>Registre commercial de _______________ ; Ton : ____ ; Livre : ____ ; Folios : ____ ; Feuille : ____ Date : __\/__\/____<\/p><p> <\/p><p class=\"p1\"><strong>OBJECTIF DU SITE WEB.<\/strong><br>Le but de ce site est d\u2019offrir \u00e0 tout utilisateur un aper\u00e7u des services propos\u00e9s, des projets r\u00e9alis\u00e9s ainsi que des informations permettant de contacter MMIGUEL CARPINTERO, SL. Cet avis juridique (ci-apr\u00e8s \u00ab Avis juridique \u00bb) r\u00e9git l\u2019utilisation du site web : www.miguelcarpintero.com <\/p><p> <\/p><p class=\"p1\"><strong>L\u00c9GISLATION.<\/strong><br>En g\u00e9n\u00e9ral, les relations entre l\u2019entit\u00e9 et les Utilisateurs de ses services t\u00e9l\u00e9matiques, pr\u00e9sentes sur ce site web, sont soumises \u00e0 la l\u00e9gislation et \u00e0 la juridiction espagnoles.<\/p><p> <\/p><p class=\"p1\"><strong>UTILISATION ET ACC\u00c8S DES UTILISATEURS.<\/strong><br>L\u2019utilisateur est inform\u00e9 et accepte que l\u2019acc\u00e8s \u00e0 ce site n\u2019implique en aucun cas le d\u00e9but d\u2019une relation commerciale avec MIGUEL CARPINTERO SL ou l\u2019une de ses d\u00e9l\u00e9gations.<\/p><p> <\/p><p class=\"p1\"><strong>PROPRI\u00c9T\u00c9 INTELLECTUELLE \u00c9DUCATION ET INDUSTRIE.<\/strong><br>Les droits de propri\u00e9t\u00e9 intellectuelle sur le contenu des pages web, leur design graphique et leurs codes appartiennent \u00e0 MIGUEL CARPINTERO SL et, par cons\u00e9quent, leur reproduction, leur diffusion, leur communication publique, leur transformation ou toute autre activit\u00e9 pouvant \u00eatre men\u00e9e avec le contenu de leurs pages web ou en citant les sources est interdite.  sauf avec le consentement \u00e9crit de MIGUEL CARPINTERO SL, .<\/p><p> <\/p><p class=\"p1\"><strong>LE CONTENU DU SITE WEB ET LES LIENS.<\/strong><br>MIGUEL CARPINTERO SL se r\u00e9serve le droit de mettre \u00e0 jour, modifier ou supprimer les informations contenues dans ses pages web, et peut m\u00eame limiter ou ne pas permettre l\u2019acc\u00e8s \u00e0 ces informations \u00e0 certains utilisateurs.<br>MIGUEL CARPINTERO SL n\u2019assume aucune responsabilit\u00e9 concernant les informations contenues dans des sites tiers accessibles via des liens ou des liens provenant de tout site appartenant \u00e0 MIGUEL CARPINTERO SL. La pr\u00e9sence de liens vers les pages web de MIGUEL CARPINTERO SL est \u00e0 titre informatif uniquement et n\u2019implique en aucun cas une suggestion, une invitation ou une recommandation \u00e0 leur sujet. <\/p>\t\t\t\t\t\t\t\t<\/div>\n\t\t\t\t\t<\/div>\n\t\t\t\t<\/div>\n\t\t\t\t<\/div>\n\t\t","protected":false},"excerpt":{"rendered":"<p>Avis juridique Conform\u00e9ment \u00e0 l\u2019article 10 de la loi 34\/2002, du 11 juillet, relative aux services de la soci\u00e9t\u00e9 de l\u2019information et au commerce \u00e9lectronique (LSSICE), les d\u00e9tails d\u2019identification de l\u2019entit\u00e9 sont d\u00e9taill\u00e9s ci-dessous :Nom de l\u2019entreprise : MIGUEL CARPINTERO SLNIF : B17033598Adresse : C\/ Viladesau, 7 \u2013 17481 \u2013 Sant Juli\u00e0 de Ramis \u2013 [&hellip;]<\/p>\n","protected":false},"author":1,"featured_media":0,"parent":0,"menu_order":0,"comment_status":"closed","ping_status":"closed","template":"","meta":{"_joinchat":[],"footnotes":""},"class_list":["post-2158","page","type-page","status-publish","hentry"],"_links":{"self":[{"href":"https:\/\/miguelcarpintero.com\/fr\/wp-json\/wp\/v2\/pages\/2158","targetHints":{"allow":["GET"]}}],"collection":[{"href":"https:\/\/miguelcarpintero.com\/fr\/wp-json\/wp\/v2\/pages"}],"about":[{"href":"https:\/\/miguelcarpintero.com\/fr\/wp-json\/wp\/v2\/types\/page"}],"author":[{"embeddable":true,"href":"https:\/\/miguelcarpintero.com\/fr\/wp-json\/wp\/v2\/users\/1"}],"replies":[{"embeddable":true,"href":"https:\/\/miguelcarpintero.com\/fr\/wp-json\/wp\/v2\/comments?post=2158"}],"version-history":[{"count":1,"href":"https:\/\/miguelcarpintero.com\/fr\/wp-json\/wp\/v2\/pages\/2158\/revisions"}],"predecessor-version":[{"id":2160,"href":"https:\/\/miguelcarpintero.com\/fr\/wp-json\/wp\/v2\/pages\/2158\/revisions\/2160"}],"wp:attachment":[{"href":"https:\/\/miguelcarpintero.com\/fr\/wp-json\/wp\/v2\/media?parent=2158"}],"curies":[{"name":"wp","href":"https:\/\/api.w.org\/{rel}","templated":true}]}}