{"id":2166,"date":"2026-04-17T08:18:15","date_gmt":"2026-04-17T08:18:15","guid":{"rendered":"https:\/\/miguelcarpintero.com\/politique-de-confidentialite\/"},"modified":"2026-04-17T08:25:17","modified_gmt":"2026-04-17T08:25:17","slug":"politique-de-confidentialite","status":"publish","type":"page","link":"https:\/\/miguelcarpintero.com\/fr\/politique-de-confidentialite\/","title":{"rendered":"Politique de confidentialit\u00e9"},"content":{"rendered":"\t\t<div data-elementor-type=\"wp-page\" data-elementor-id=\"2166\" class=\"elementor elementor-2166 elementor-2134\">\n\t\t\t\t<div class=\"elementor-element elementor-element-47a7dce e-flex e-con-boxed e-con e-parent\" data-id=\"47a7dce\" data-element_type=\"container\" data-e-type=\"container\" data-settings=\"{&quot;background_background&quot;:&quot;classic&quot;}\">\n\t\t\t\t\t<div class=\"e-con-inner\">\n\t\t\t\t<div class=\"elementor-element elementor-element-900aa7a elementor-widget elementor-widget-heading\" data-id=\"900aa7a\" data-element_type=\"widget\" data-e-type=\"widget\" data-widget_type=\"heading.default\">\n\t\t\t\t\t<h1 class=\"elementor-heading-title elementor-size-default\">Politique de confidentialit\u00e9<\/h1>\t\t\t\t<\/div>\n\t\t\t\t\t<\/div>\n\t\t\t\t<\/div>\n\t\t<div class=\"elementor-element elementor-element-3cbcd1f e-flex e-con-boxed e-con e-parent\" data-id=\"3cbcd1f\" data-element_type=\"container\" data-e-type=\"container\">\n\t\t\t\t\t<div class=\"e-con-inner\">\n\t\t\t\t<div class=\"elementor-element elementor-element-ac7bb4a elementor-widget elementor-widget-text-editor\" data-id=\"ac7bb4a\" data-element_type=\"widget\" data-e-type=\"widget\" data-widget_type=\"text-editor.default\">\n\t\t\t\t\t\t\t\t\t<p>Via ce site web, aucune donn\u00e9e personnelle n\u2019est collect\u00e9e des utilisateurs \u00e0 leur insu, ni transf\u00e9r\u00e9e \u00e0 des tiers. Pour en savoir plus sur notre politique concernant les cookies, utilis\u00e9s pour collecter des informations aupr\u00e8s des utilisateurs, veuillez lire la section Politique sur les cookies de notre site web. Informations de base sur la protection des donn\u00e9es : ci-dessous, nous vous informons de la politique de protection des donn\u00e9es de MIGUEL CARPINTERO SL  <\/p><p> <\/p><p><strong>Qui est le responsable des donn\u00e9es ?<\/strong><br>Les donn\u00e9es personnelles pouvant \u00eatre demand\u00e9es directement \u00e0 la partie int\u00e9ress\u00e9e seront trait\u00e9es de mani\u00e8re confidentielle et int\u00e9gr\u00e9es \u00e0 l\u2019activit\u00e9 de traitement correspondante d\u00e9tenue par MIGUEL CARPINTERO SL<\/p><p> <\/p><p><strong>Comment obtenir vos donn\u00e9es personnelles ?<\/strong><br>Nous collectons vos donn\u00e9es personnelles \u00e0 diff\u00e9rentes occasions : \u2022 Chaque fois que vous nous contactez directement, par exemple via la section contact ou toute autre section o\u00f9 vous remplissez un questionnaire sur le site web. ou via les lignes du service client, pour demander des informations sur nos produits et services. \u2022 Lorsque vous achetez ou contractez directement avec nous un produit ou un service. \u2022 Lorsque vous participez \u00e0 nos campagnes de marketing direct, par exemple en acceptant l\u2019envoi de notre newsletter ou en participant \u00e0 une promotion via nos sites web qui vous oblige \u00e0 remplir un formulaire en ligne avec vos donn\u00e9es personnelles. Les produits et services de MIGUEL CARPINTERO SL ainsi que ses campagnes promotionnelles sont principalement destin\u00e9s aux adultes. En ce sens, nous ne collecterons et traiterons vos donn\u00e9es personnelles que si vous avez au moins 16 ans. MIGUEL CARPINTERO S.L. se r\u00e9serve le droit de v\u00e9rifier l\u2019\u00e2ge des personnes qui lui fournissent des donn\u00e9es personnelles. Toute donn\u00e9e d\u2019un enfant de moins de 16 ans sera supprim\u00e9e. Nous serions reconnaissants si vous pouviez nous aider \u00e0 tenir vos informations personnelles \u00e0 jour en nous informant de tout changement apport\u00e9 \u00e0 vos coordonn\u00e9es ou pr\u00e9f\u00e9rences.        <\/p><p> <\/p><p><strong>Quelles informations pouvons-nous obtenir sur vous ?<\/strong><br>Gr\u00e2ce aux diff\u00e9rents services et canaux de contact d\u00e9crits dans cette Politique de confidentialit\u00e9, les types de donn\u00e9es suivantes \u00e0 votre sujet peuvent \u00eatre demand\u00e9s selon votre relation avec le Responsable des Donn\u00e9es : \u2022 Clients et utilisateurs : Identifiants et coordonn\u00e9es : nom, adresse, num\u00e9ros de t\u00e9l\u00e9phone, e-mail. D\u00e9tails financiers : num\u00e9ro de compte bancaire \/ num\u00e9ro de carte de cr\u00e9dit. \u2022 Employ\u00e9s : Identifiants et coordonn\u00e9es : nom, adresse, num\u00e9ros de t\u00e9l\u00e9phone, email PROTECDATUS CONSULTORS, SL Telf : 872 20 21 31 GIRONA \u2013 Version : 1 Date : 28\/01\/2022 Politique de confidentialit\u00e9 RGPD \u2013 P\u00e0g. 4 MIGUEL CARPINTERO SL \u00e9lectronique. D\u00e9tails financiers : num\u00e9ro de compte bancaire. Donn\u00e9es acad\u00e9miques et professionnelles. \u00c9tudes termin\u00e9es et qualifications. Donn\u00e9es sur l\u2019emploi et la s\u00e9curit\u00e9 sociale. Caract\u00e9ristiques personnelles : \u00e9tat civil, date et lieu de naissance, \u00e2ge, sexe, nationalit\u00e9 et pourcentage d\u2019invalidit\u00e9. \u2022 Candidats : Identification et coordonn\u00e9es : nom, adresse, num\u00e9ros de t\u00e9l\u00e9phone, e-mail. Donn\u00e9es acad\u00e9miques et professionnelles. \u00c9tudes termin\u00e9es et qualifications. Donn\u00e9es sur l\u2019emploi et la s\u00e9curit\u00e9 sociale. Caract\u00e9ristiques personnelles : \u00e9tat civil, date et lieu de naissance, \u00e2ge, sexe, nationalit\u00e9 et pourcentage d\u2019invalidit\u00e9.             <\/p><p> <\/p><p><strong>Dans quel but traitons-nous vos donn\u00e9es personnelles ?<\/strong><br>En tant qu\u2019utilisateur du site web, nous traiterons les donn\u00e9es personnelles que vous nous fournissez afin de r\u00e9pondre \u00e0 la question que vous nous avez adress\u00e9e et de vous fournir des informations commerciales sur les produits et services de l\u2019entreprise. En tant qu\u2019abonn\u00e9 \u00e0 notre Newsletter, nous traiterons les donn\u00e9es personnelles que vous nous fournissez afin d\u2019envoyer nos communications commerciales en temps voulu. En raison de votre statut de client, nous traiterons vos donn\u00e9es afin de vous fournir le service demand\u00e9 ainsi que la gestion administrative et commerciale de notre portefeuille client. En tant qu\u2019employ\u00e9, nous traiterons vos donn\u00e9es afin d\u2019effectuer toutes les proc\u00e9dures n\u00e9cessaires d\u00e9coulant de notre relation de travail : gestion du personnel. Des contrats. Documents fiscaux. Traitement des licenciements, des dossiers r\u00e9glementaires et m\u00eame le d\u00e9c\u00e8s des employ\u00e9s. Dossier personnel. Contr\u00f4le du temps. Entra\u00eenement. R\u00e9gimes de retraite. Action sociale. Pr\u00e9vention des risques professionnels. \u00c9mission de la paie du personnel. Gestion de l\u2019activit\u00e9 syndicale, lorsque cela est appropri\u00e9. En raison de leur statut de candidat, les donn\u00e9es fournies ne seront trait\u00e9es que pour les processus de s\u00e9lection du personnel actuels ou futurs men\u00e9s par l\u2019entreprise.               <\/p><p> <\/p><p><strong>Quelle est la l\u00e9gitimit\u00e9 du traitement de vos donn\u00e9es ?<\/strong><br>Utilisateurs et membres : RGPD Article 6.1.a) consentement de la personne concern\u00e9e au traitement de ses donn\u00e9es personnelles pour un ou plusieurs usages sp\u00e9cifiques. Clients : article 6.1 du RGPD. b) le traitement est n\u00e9cessaire pour l\u2019ex\u00e9cution d\u2019un contrat auquel la personne concern\u00e9e est partie, ou pour la demande \u00e0 la demande de cette derni\u00e8re mesure pr\u00e9contractuelle. RGPD, article 6.1.a) consentement de la personne concern\u00e9e au traitement de ses donn\u00e9es personnelles pour un ou plusieurs fins sp\u00e9cifiques. Employ\u00e9s : RGPD Article 6.1.b) le traitement est n\u00e9cessaire \u00e0 l\u2019ex\u00e9cution d\u2019un contrat auquel la personne concern\u00e9e est partie. RGPD Article 6.1.c) le traitement est n\u00e9cessaire pour l\u2019accomplissement d\u2019une obligation l\u00e9gale applicable au responsable du traitement des donn\u00e9es. Demandeurs : RGPD, article 6.1.c) le traitement est n\u00e9cessaire pour le respect d\u2019une obligation l\u00e9gale applicable au responsable du traitement des donn\u00e9es. Pour d\u2019autres activit\u00e9s de traitement qui pourraient ne pas figurer dans cette politique de confidentialit\u00e9, veuillez contacter le responsable du traitement des donn\u00e9es pour plus d\u2019informations. PROTECDATUS CONSULTORS, SL Telf : 872 20 21 31 GIRONA \u2013 Version : 1 Date : 28\/01\/2022 RGPD Politique de confidentialit\u00e9 \u2013 P\u00e0g. 5 MIGUEL CARPINTERO SL<\/p><p> <\/p><p><strong>Combien de temps allons-nous conserver vos donn\u00e9es ?<\/strong><br>Les donn\u00e9es personnelles fournies seront conserv\u00e9es pour le temps n\u00e9cessaire afin de respecter l\u2019objectif pour lequel elles sont collect\u00e9es et pour d\u00e9terminer les responsabilit\u00e9s \u00e9ventuelles qui peuvent en d\u00e9couler, en plus des d\u00e9lais \u00e9tablis dans le r\u00e8glement sur les archives et la documentation.<\/p><p><strong>\u00c0 qui communiquerons-nous vos donn\u00e9es ?<\/strong><br>En g\u00e9n\u00e9ral, les donn\u00e9es personnelles ne seront pas communiqu\u00e9es \u00e0 des tiers, sauf pour obligation l\u00e9gale, ce qui peut inclure des communications avec des organisations directement li\u00e9es au responsable (conseils fiscaux, du travail et comptables). Les institutions financi\u00e8res. Agence d\u2019administration fiscale de l\u2019\u00c9tat. Des compagnies de formation. Entit\u00e9 charg\u00e9e de la gestion des risques professionnels. Institut national de la s\u00e9curit\u00e9 sociale. Tr\u00e9sor g\u00e9n\u00e9ral de la S\u00e9curit\u00e9 sociale. Les organisations syndicales. Les entreprises responsables du marketing et de la publicit\u00e9. Compagnies de s\u00e9lection du personnel). Les forces et organes de s\u00e9curit\u00e9 de l\u2019\u00c9tat, les instances judiciaires, le bureau du procureur public. Bien qu\u2019il ne soit pas possible de garantir une protection absolue contre l\u2019intrusion en cas de transmission de donn\u00e9es via Internet ou depuis un site web, nous faisons tout notre possible pour maintenir les mesures de protection physique, \u00e9lectronique et proc\u00e9durale n\u00e9cessaires afin de garantir la protection de vos informations conform\u00e9ment aux exigences applicables en mati\u00e8re de protection des donn\u00e9es. Tous les v\u00f4tres sont stock\u00e9s dans un lieu s\u00e9curis\u00e9 (ou des copies physiques s\u00e9curis\u00e9es) appartenant \u00e0 nous ou \u00e0 nos processeurs, et nos crit\u00e8res et politiques de s\u00e9curit\u00e9 (ou d\u2019autres \u00e9quivalents de nos processeurs) s\u2019appliquent \u00e0 leur acc\u00e8s et \u00e0 leur utilisation.   <\/p><p> <\/p><p><strong>Faisons-nous des transferts internationaux de donn\u00e9es<\/strong> <strong>?<\/strong><br>MIGUEL CARPINTERO SL ne pr\u00e9voit pas de transferts internationaux de donn\u00e9es. Comment prot\u00e9geons-nous vos donn\u00e9es ? Pour assurer la protection et maintenir la s\u00e9curit\u00e9, l\u2019int\u00e9grit\u00e9 et la disponibilit\u00e9 des donn\u00e9es, nous utilisons diverses mesures de s\u00e9curit\u00e9. Bien qu\u2019il ne soit pas possible de garantir une protection absolue contre l\u2019intrusion dans la transmission de donn\u00e9es via Internet ou depuis un site web, nous et nos traiteurs de donn\u00e9es faisons tous les efforts possibles pour maintenir les mesures de protection physiques, \u00e9lectroniques et proc\u00e9durales afin de garantir la protection de vos donn\u00e9es conform\u00e9ment aux exigences l\u00e9gales applicables dans ce domaine. Les mesures que nous utilisons incluent les suivantes : \u2022 limiter l\u2019acc\u00e8s \u00e0 vos donn\u00e9es uniquement aux personnes qui doivent les conna\u00eetre pour accomplir les t\u00e2ches qu\u2019elles accomplissent ; \u2022 en r\u00e8gle g\u00e9n\u00e9rale, transf\u00e9rer les donn\u00e9es collect\u00e9es en format chiffr\u00e9 ; \u2022 stocker les donn\u00e9es les plus sensibles (comme les informations bancaires) uniquement en format chiffr\u00e9 ; \u2022 installer des syst\u00e8mes de protection p\u00e9rim\u00e9trique pour les infrastructures informatiques (pare-feux) afin d\u2019emp\u00eacher les acc\u00e8s non autoris\u00e9s, par exemple les hackers, et PROTECDATUS CONSULTANTS, SL Telf : 872 20 21 31 GIRONA \u2013 Version : 1 Date : 28\/01\/2022 Politique de confidentialit\u00e9 RGPD \u2013 P\u00e0g. 6 MIGUEL CARPINTERO SL \u2022 surveiller r\u00e9guli\u00e8rement l\u2019acc\u00e8s aux syst\u00e8mes informatiques afin de d\u00e9tecter et d\u2019emp\u00eacher toute utilisation abusive des donn\u00e9es personnelles. Dans les cas o\u00f9 nous vous avons fourni (ou choisi) un mot de passe permettant d\u2019acc\u00e9der \u00e0 certaines parties de nos sites web ou \u00e0 tout autre portail, application ou service sous notre contr\u00f4le, vous \u00eates responsable de le garder secret et de respecter toutes les autres proc\u00e9dures de s\u00e9curit\u00e9 que nous vous informons. Vous ne pourrez pas partager votre mot de passe avec qui que ce soit.       <\/p><p><strong>Quels droits les parties int\u00e9ress\u00e9es peuvent-elles exercer ?<\/strong><br>Toute personne a le droit d\u2019obtenir la confirmation du traitement de ses donn\u00e9es effectu\u00e9 par MIGUEL CARPINTERO SL, qui peut exercer ses droits d\u2019acc\u00e8s, de rectification, de suppression et de portabilit\u00e9 de ses donn\u00e9es, de limitation et d\u2019opposition \u00e0 leur traitement, et ne peut pas \u00eatre soumise \u00e0 des d\u00e9cisions fond\u00e9es uniquement sur le traitement automatis\u00e9 de ses donn\u00e9es,  et retirer le consentement donn\u00e9 devant MIGUEL CARPINTERO SL. B17033598. C\/ Viladesau, 7 \u2013 17481 \u2013 Sant Juli\u00e0 de Ramis \u2013 GIRONE. Ou envoyer un e-mail \u00e0 info@miguelcarpintero.com, indiquant \u00ab Protection des donn\u00e9es \u00bb dans l\u2019objet de la ligne. De plus, la partie int\u00e9ress\u00e9e peut contacter l\u2019Autorit\u00e9 comp\u00e9tente de contr\u00f4le de la protection des donn\u00e9es pour obtenir des informations compl\u00e9mentaires ou d\u00e9poser une plainte.<\/p>\t\t\t\t\t\t\t\t<\/div>\n\t\t\t\t\t<\/div>\n\t\t\t\t<\/div>\n\t\t\t\t<\/div>\n\t\t","protected":false},"excerpt":{"rendered":"<p>Politique de confidentialit\u00e9 Via ce site web, aucune donn\u00e9e personnelle n\u2019est collect\u00e9e des utilisateurs \u00e0 leur insu, ni transf\u00e9r\u00e9e \u00e0 des tiers. Pour en savoir plus sur notre politique concernant les cookies, utilis\u00e9s pour collecter des informations aupr\u00e8s des utilisateurs, veuillez lire la section Politique sur les cookies de notre site web. Informations de base [&hellip;]<\/p>\n","protected":false},"author":1,"featured_media":0,"parent":0,"menu_order":0,"comment_status":"closed","ping_status":"closed","template":"","meta":{"_joinchat":[],"footnotes":""},"class_list":["post-2166","page","type-page","status-publish","hentry"],"_links":{"self":[{"href":"https:\/\/miguelcarpintero.com\/fr\/wp-json\/wp\/v2\/pages\/2166","targetHints":{"allow":["GET"]}}],"collection":[{"href":"https:\/\/miguelcarpintero.com\/fr\/wp-json\/wp\/v2\/pages"}],"about":[{"href":"https:\/\/miguelcarpintero.com\/fr\/wp-json\/wp\/v2\/types\/page"}],"author":[{"embeddable":true,"href":"https:\/\/miguelcarpintero.com\/fr\/wp-json\/wp\/v2\/users\/1"}],"replies":[{"embeddable":true,"href":"https:\/\/miguelcarpintero.com\/fr\/wp-json\/wp\/v2\/comments?post=2166"}],"version-history":[{"count":1,"href":"https:\/\/miguelcarpintero.com\/fr\/wp-json\/wp\/v2\/pages\/2166\/revisions"}],"predecessor-version":[{"id":2167,"href":"https:\/\/miguelcarpintero.com\/fr\/wp-json\/wp\/v2\/pages\/2166\/revisions\/2167"}],"wp:attachment":[{"href":"https:\/\/miguelcarpintero.com\/fr\/wp-json\/wp\/v2\/media?parent=2166"}],"curies":[{"name":"wp","href":"https:\/\/api.w.org\/{rel}","templated":true}]}}